{"id":2108,"date":"2023-11-27T04:34:49","date_gmt":"2023-11-27T14:34:49","guid":{"rendered":"https:\/\/serveur-tahiti-vanille.com\/tahiti-vanille\/produit\/2-baccelli-grand-cru-raiatea\/"},"modified":"2025-12-15T18:39:24","modified_gmt":"2025-12-16T04:39:24","slug":"2-baccelli-grand-cru-raiatea","status":"publish","type":"product","link":"https:\/\/tahiti-vanille.com\/it\/produit\/2-baccelli-grand-cru-raiatea\/","title":{"rendered":"2 baccelli &#8220;Grand Cru Raiatea\u00ae&#8221;"},"content":{"rendered":"<p>Tobo di vetra stanpato di lunga conservazione contentente 2 baccelli di vaniglia di Tahiti <strong>Grand Cru Raiatea\u00ae<\/strong><\/p>\n<p>Peso netto all&#8217;origine: 14 g \/18 g circa.<\/p>\n<p>Lunghezza dei baccelli: 15-17 cm.<\/p>\n<p>DLUO: 2 anni.<\/p>\n<p>La coltura delle liane di vaniglia Grand Cru Raiatea\u00ae&#8221;, arricchita da un compost vegetale elaborato con palme da cocco e fibre di cocco, offre baccelli lunghi e carnosi, caratterizzati da un delizioso sapore di caramello e anice, con tratti di pregevole untuosit\u00e0 dal gusto di frutti esotici e prugne. Sicuramente la pi\u00f9 deliziosa!<\/p>\n<p><u>Gastronomia<\/u><strong> :<\/strong> Perfetta per realizzare gelati e sorbetti o preparare un&#8217;indimenticabile cr\u00e8me br\u00fbl\u00e9e. Profuma meravigliosamente zucchero, rum bianco agricolo e vodka.<\/p>\n<p><u>Suggerimenti per l&#8217;uso<\/u> <strong>:<\/strong> Aprite il baccello di vaniglia nel senso della lunghezza con la punta di un coltello e raccogliete i semi neri che incorporerete nelle vostre preparazioni. Puoi anche infondere la buccia della capsula dopo averla aperta.<\/p>\n<p><u>Suggerimenti per la conservazione<\/u> <strong>:<\/strong> Nella sua custodia fresca ermetica, in un luogo fresco e asciutto e al riparo dalla luce del giorno.<\/p>\n<p>Buon appetito!<\/p>\n","protected":false},"excerpt":{"rendered":"<p>Tobo di vetra stanpato di lunga conservazione contentente 2 baccelli di vaniglia di Tahiti Grand Cru Raiatea\u00ae<\/p>\n","protected":false},"featured_media":4266,"comment_status":"open","ping_status":"closed","template":"","meta":{"_acf_changed":false,"wds_primary_product_brand":0,"wds_primary_product_cat":0},"product_brand":[],"product_cat":[291,294],"product_tag":[],"class_list":{"0":"post-2108","1":"product","2":"type-product","3":"status-publish","4":"has-post-thumbnail","6":"product_cat-bacche-di-vaniglia-tahiti","7":"product_cat-grand-cru-raiatea-it","8":"pa_taille-15cm-it","9":"pa_taille-16cm-it","10":"pa_taille-17cm-it","12":"first","13":"instock","14":"taxable","15":"shipping-taxable","16":"purchasable","17":"product-type-variable","18":"has-default-attributes"},"acf":[],"_links":{"self":[{"href":"https:\/\/tahiti-vanille.com\/it\/wp-json\/wp\/v2\/product\/2108","targetHints":{"allow":["GET"]}}],"collection":[{"href":"https:\/\/tahiti-vanille.com\/it\/wp-json\/wp\/v2\/product"}],"about":[{"href":"https:\/\/tahiti-vanille.com\/it\/wp-json\/wp\/v2\/types\/product"}],"replies":[{"embeddable":true,"href":"https:\/\/tahiti-vanille.com\/it\/wp-json\/wp\/v2\/comments?post=2108"}],"wp:featuredmedia":[{"embeddable":true,"href":"https:\/\/tahiti-vanille.com\/it\/wp-json\/wp\/v2\/media\/4266"}],"wp:attachment":[{"href":"https:\/\/tahiti-vanille.com\/it\/wp-json\/wp\/v2\/media?parent=2108"}],"wp:term":[{"taxonomy":"product_brand","embeddable":true,"href":"https:\/\/tahiti-vanille.com\/it\/wp-json\/wp\/v2\/product_brand?post=2108"},{"taxonomy":"product_cat","embeddable":true,"href":"https:\/\/tahiti-vanille.com\/it\/wp-json\/wp\/v2\/product_cat?post=2108"},{"taxonomy":"product_tag","embeddable":true,"href":"https:\/\/tahiti-vanille.com\/it\/wp-json\/wp\/v2\/product_tag?post=2108"}],"curies":[{"name":"wp","href":"https:\/\/api.w.org\/{rel}","templated":true}]}}