{"id":2001,"date":"2023-11-27T04:35:52","date_gmt":"2023-11-27T14:35:52","guid":{"rendered":"https:\/\/serveur-tahiti-vanille.com\/tahiti-vanille\/produit\/1000ml-estratto-di-vaniglia-gourmand-400grs-l\/"},"modified":"2024-01-17T08:29:01","modified_gmt":"2024-01-17T18:29:01","slug":"1000ml-estratto-di-vaniglia-gourmand-400grs-l","status":"publish","type":"product","link":"https:\/\/tahiti-vanille.com\/it\/produit\/1000ml-estratto-di-vaniglia-gourmand-400grs-l\/","title":{"rendered":"1000ml estratto di vaniglia gourmand 400grs\/ L"},"content":{"rendered":"<p>Bottiglia da 1000 ml di estratto naturale 100% vaniglia di Tahiti ad uso professionale.<\/p>\n<p>Concentrazione: 400 g\/litro (cio\u00e8 4 volte pi\u00f9 concentrato).<\/p>\n<p>DLUO: 2 anni.<\/p>\n<p>Meravigliosamente profumato, questo raro estratto 100% origine Tahiti \u00e8 stato ottenuto attraverso un esclusivo processo di estrazione a bassa temperatura, al fine di preservare e restituire tutta la finezza delle note floreali, fresche e untuose, delle nostre vaniglie di Tahiti Grands Crus\u00ae.<\/p>\n<p>Ideale per la preparazione di qualsiasi dessert e indispensabile per aromatizzare a freddo (senza cottura).<\/p>\n<p><u>Ingredienti<\/u> : estratto naturale di vaniglia, saccarosio, senza conservanti n\u00e9 coloranti, senza alcool.<\/p>\n<p><u>Suggerimenti d&#8217;uso <\/u>: milk-shake alla vaniglia, succhi di frutta fresca (limonate&#8230;), gelati, macedonie, banane flamb\u00e9, caff\u00e8, t\u00e8, crema inglese, crema pasticcera, impasto per cr\u00eapes, yogurt ecc&#8230;<\/p>\n<p><u>Dosaggio consigliato<\/u> : 15-30 ml per litro o kg.<\/p>\n<p>Buon appetito!<\/p>\n","protected":false},"excerpt":{"rendered":"<p>Bottiglia da 1000 ml di estratto naturale 100% vaniglia di Tahiti ad uso professionale.<\/p>\n","protected":false},"featured_media":1675,"comment_status":"open","ping_status":"closed","template":"","meta":{"_acf_changed":false,"wds_primary_product_brand":0,"wds_primary_product_cat":0},"product_brand":[],"product_cat":[320,288],"product_tag":[],"class_list":{"0":"post-2001","1":"product","2":"type-product","3":"status-publish","4":"has-post-thumbnail","6":"product_cat-concentration-400-it-estratto-di-vaniglia","7":"product_cat-estratto-di-vaniglia","8":"pa_option-con-semi-di-vaniglia","9":"pa_option-senza-semi-di-vaniglia","11":"first","12":"instock","13":"taxable","14":"shipping-taxable","15":"purchasable","16":"product-type-variable","17":"has-default-attributes"},"acf":[],"_links":{"self":[{"href":"https:\/\/tahiti-vanille.com\/it\/wp-json\/wp\/v2\/product\/2001","targetHints":{"allow":["GET"]}}],"collection":[{"href":"https:\/\/tahiti-vanille.com\/it\/wp-json\/wp\/v2\/product"}],"about":[{"href":"https:\/\/tahiti-vanille.com\/it\/wp-json\/wp\/v2\/types\/product"}],"replies":[{"embeddable":true,"href":"https:\/\/tahiti-vanille.com\/it\/wp-json\/wp\/v2\/comments?post=2001"}],"wp:featuredmedia":[{"embeddable":true,"href":"https:\/\/tahiti-vanille.com\/it\/wp-json\/wp\/v2\/media\/1675"}],"wp:attachment":[{"href":"https:\/\/tahiti-vanille.com\/it\/wp-json\/wp\/v2\/media?parent=2001"}],"wp:term":[{"taxonomy":"product_brand","embeddable":true,"href":"https:\/\/tahiti-vanille.com\/it\/wp-json\/wp\/v2\/product_brand?post=2001"},{"taxonomy":"product_cat","embeddable":true,"href":"https:\/\/tahiti-vanille.com\/it\/wp-json\/wp\/v2\/product_cat?post=2001"},{"taxonomy":"product_tag","embeddable":true,"href":"https:\/\/tahiti-vanille.com\/it\/wp-json\/wp\/v2\/product_tag?post=2001"}],"curies":[{"name":"wp","href":"https:\/\/api.w.org\/{rel}","templated":true}]}}