{"id":1995,"date":"2023-11-27T04:35:27","date_gmt":"2023-11-27T14:35:27","guid":{"rendered":"https:\/\/serveur-tahiti-vanille.com\/tahiti-vanille\/produit\/500ml-gourmand-estratto-di-vaniglia-200-g-l\/"},"modified":"2026-05-08T16:37:34","modified_gmt":"2026-05-09T02:37:34","slug":"500ml-gourmand-estratto-di-vaniglia-200-g-l","status":"publish","type":"product","link":"https:\/\/tahiti-vanille.com\/it\/produit\/500ml-gourmand-estratto-di-vaniglia-200-g-l\/","title":{"rendered":"500ml gourmand estratto di vaniglia 200 g \/ L"},"content":{"rendered":"<p>Bottiglia da 500 ml di estratto naturale 100% vaniglia di Tahiti.<\/p>\n<p>Concentrazione: 200 g\/litro (cio\u00e8 2 volte pi\u00f9 concentrato).<\/p>\n<p>DLUO: 2 anni.<\/p>\n<p>Meravigliosamente profumato, questo raro estratto 100% origine Tahiti \u00e8 stato ottenuto attraverso un esclusivo processo di estrazione a bassa temperatura, al fine di preservare e restituire tutta la finezza delle note floreali, fresche e untuose, delle nostre vaniglie di Tahiti Grands Crus\u00ae.<\/p>\n<p>Ideale per la preparazione di qualsiasi dessert e indispensabile per aromatizzare a freddo (senza cottura).<\/p>\n<p><strong><u>Ingredienti<\/u><\/strong> : estratto naturale di vaniglia, saccarosio, senza conservanti n\u00e9 coloranti, senza alcool.<\/p>\n<p><strong><u>Suggerimenti d&#8217;uso <\/u><\/strong>: milk-shake alla vaniglia, succhi di frutta fresca (limonate&#8230;), gelati, macedonie, banane flamb\u00e9, caff\u00e8, t\u00e8, crema inglese, crema pasticcera, impasto per cr\u00eapes, yogurt ecc&#8230;<\/p>\n<p><strong><u>Dosaggio consigliato<\/u><\/strong> : 1-2 cucchiaini di caff\u00e8 per litro o kg.<\/p>\n<p>Buon appetito!<\/p>\n","protected":false},"excerpt":{"rendered":"<p>Bottiglia da 500 ml di estratto naturale 100% vaniglia di Tahiti.<\/p>\n","protected":false},"featured_media":1669,"comment_status":"open","ping_status":"closed","template":"","meta":{"_acf_changed":false,"wds_primary_product_brand":0,"wds_primary_product_cat":0},"product_brand":[],"product_cat":[358,288],"product_tag":[],"class_list":{"0":"post-1995","1":"product","2":"type-product","3":"status-publish","4":"has-post-thumbnail","6":"product_cat-concentration-200-it","7":"product_cat-estratto-di-vaniglia","8":"pa_option-con-semi-di-vaniglia","9":"pa_option-senza-semi-di-vaniglia","11":"first","12":"outofstock","13":"featured","14":"taxable","15":"shipping-taxable","16":"purchasable","17":"product-type-variable","18":"has-default-attributes"},"acf":[],"_links":{"self":[{"href":"https:\/\/tahiti-vanille.com\/it\/wp-json\/wp\/v2\/product\/1995","targetHints":{"allow":["GET"]}}],"collection":[{"href":"https:\/\/tahiti-vanille.com\/it\/wp-json\/wp\/v2\/product"}],"about":[{"href":"https:\/\/tahiti-vanille.com\/it\/wp-json\/wp\/v2\/types\/product"}],"replies":[{"embeddable":true,"href":"https:\/\/tahiti-vanille.com\/it\/wp-json\/wp\/v2\/comments?post=1995"}],"wp:featuredmedia":[{"embeddable":true,"href":"https:\/\/tahiti-vanille.com\/it\/wp-json\/wp\/v2\/media\/1669"}],"wp:attachment":[{"href":"https:\/\/tahiti-vanille.com\/it\/wp-json\/wp\/v2\/media?parent=1995"}],"wp:term":[{"taxonomy":"product_brand","embeddable":true,"href":"https:\/\/tahiti-vanille.com\/it\/wp-json\/wp\/v2\/product_brand?post=1995"},{"taxonomy":"product_cat","embeddable":true,"href":"https:\/\/tahiti-vanille.com\/it\/wp-json\/wp\/v2\/product_cat?post=1995"},{"taxonomy":"product_tag","embeddable":true,"href":"https:\/\/tahiti-vanille.com\/it\/wp-json\/wp\/v2\/product_tag?post=1995"}],"curies":[{"name":"wp","href":"https:\/\/api.w.org\/{rel}","templated":true}]}}