{"id":3904,"date":"2023-11-06T03:42:42","date_gmt":"2023-11-06T13:42:42","guid":{"rendered":"https:\/\/serveur-tahiti-vanille.com\/tahiti-vanille\/raccolta\/"},"modified":"2023-12-29T00:50:23","modified_gmt":"2023-12-29T10:50:23","slug":"raccolta","status":"publish","type":"page","link":"https:\/\/tahiti-vanille.com\/it\/raccolta\/","title":{"rendered":"Raccolta"},"content":{"rendered":"\t\t<div data-elementor-type=\"wp-page\" data-elementor-id=\"3904\" class=\"elementor elementor-3904 elementor-2569\" data-elementor-post-type=\"page\">\n\t\t\t\t\t\t<section class=\"elementor-section elementor-top-section elementor-element elementor-element-975715f elementor-section-content-middle elementor-section-boxed elementor-section-height-default elementor-section-height-default\" data-id=\"975715f\" data-element_type=\"section\" data-e-type=\"section\" data-settings=\"{&quot;jet_parallax_layout_list&quot;:[]}\">\n\t\t\t\t\t\t<div class=\"elementor-container elementor-column-gap-wide\">\n\t\t\t\t\t<div class=\"elementor-column elementor-col-50 elementor-top-column elementor-element elementor-element-2c3a27d0\" data-id=\"2c3a27d0\" data-element_type=\"column\" data-e-type=\"column\">\n\t\t\t<div class=\"elementor-widget-wrap elementor-element-populated\">\n\t\t\t\t\t\t<div class=\"elementor-element elementor-element-30bbc824 elementor-widget elementor-widget-heading\" data-id=\"30bbc824\" data-element_type=\"widget\" data-e-type=\"widget\" data-widget_type=\"heading.default\">\n\t\t\t\t<div class=\"elementor-widget-container\">\n\t\t\t\t\t<h1 class=\"elementor-heading-title elementor-size-default\">RACCOLTA<\/h1>\t\t\t\t<\/div>\n\t\t\t\t<\/div>\n\t\t\t\t<div class=\"elementor-element elementor-element-65a9ca53 elementor-widget elementor-widget-text-editor\" data-id=\"65a9ca53\" data-element_type=\"widget\" data-e-type=\"widget\" data-widget_type=\"text-editor.default\">\n\t\t\t\t<div class=\"elementor-widget-container\">\n\t\t\t\t\t\t\t\t\t<p>La raccolta avviene quando il frutto ha raggiunto la dimensione finale e assunto un colore giallo bruno, 9 mesi dopo la fecondazione.<\/p>\n<p>Programmata secondo un calendario stabilito dalla Commissione di controllo della vaniglia matura, la raccolta si svolge tutti i 7 giorni e per aree geografiche, durante 6 mesi, periodo della raccolta. <\/p>\n<p>I lotti vengono poi pesati e venduti all\u2019asta ai preparatori locali.<\/p>\n<p>La variet\u00e0 <strong>X Tahitensis<\/strong> ha il vantaggio di non spaccarsi a maturazione.<\/p>\n<p>Questo fenomeno, chiamato \u201c<strong>indeiscenza\u201d<\/strong> del frutto<\/p>\n<p>permette di ritardare la raccolta fino a uno stadio avanzato di maturit\u00e0.<\/p>\n<p>In questo modo, le qualit\u00e0 gustative e aromatiche della vaniglia vengono notevolmente ampliate.<\/p>\n\t\t\t\t\t\t\t\t<\/div>\n\t\t\t\t<\/div>\n\t\t\t\t<div class=\"elementor-element elementor-element-aad8158 elementor-widget elementor-widget-text-editor\" data-id=\"aad8158\" data-element_type=\"widget\" data-e-type=\"widget\" data-widget_type=\"text-editor.default\">\n\t\t\t\t<div class=\"elementor-widget-container\">\n\t\t\t\t\t\t\t\t\t<p><em>Al contrario, i frutti della <strong>Vanilla fragrans (<\/strong>vaniglia Bourbon)<\/em> devono essere <em>raccolti ancora verdi, a partire dal settimo mese.<\/em><\/p>\n<p><em>Infatti, se si aspetta la piena maturit\u00e0<\/em><\/p>\n<p><em>il baccello comincia a imbrunirsi e a <strong>spaccarsi.<\/strong><\/em><\/p>\n\t\t\t\t\t\t\t\t<\/div>\n\t\t\t\t<\/div>\n\t\t\t\t<div class=\"elementor-element elementor-element-1e48a8a0 elementor-widget elementor-widget-jet-images-layout\" data-id=\"1e48a8a0\" data-element_type=\"widget\" data-e-type=\"widget\" data-widget_type=\"jet-images-layout.default\">\n\t\t\t\t<div class=\"elementor-widget-container\">\n\t\t\t\t\t<div class=\"elementor-jet-images-layout jet-elements\">\n<div class=\"jet-images-layout layout-type-justify\" data-settings='{&quot;layoutType&quot;:&quot;justify&quot;,&quot;justifyHeight&quot;:125}'>\n\t<div class=\"jet-images-layout__list column-desktop-3 column-tablet-2 column-mobile-1\" >\n<div class=\"jet-images-layout__item \">\n\t<div class=\"jet-images-layout__inner\">\n\t\t<div class=\"jet-images-layout__image-loader\"><span><\/span><\/div>\n\t\t<a class=\"jet-images-layout__link \" href=\"https:\/\/tahiti-vanille.com\/wp-content\/uploads\/2023\/11\/VENTES_VANILLES3.jpg\" data-elementor-open-lightbox=\"yes\" data-elementor-lightbox-slideshow=\"1e48a8a0\">\n\t\t\t<div class=\"jet-images-layout__image\">\n\t\t\t\t<img decoding=\"async\" class=\"jet-images-layout__image-instance\" src=\"https:\/\/tahiti-vanille.com\/wp-content\/uploads\/2023\/11\/VENTES_VANILLES3.jpg\" data-width=\"590\" data-height=\"400\" alt=\"VENTES_VANILLES3\" loading=\"lazy\">\t\t\t<\/div>\n\t\t\t<div class=\"jet-images-layout__content\"><\/div>\n\t\t<\/a>\n\t<\/div>\n<\/div>\n<div class=\"jet-images-layout__item \">\n\t<div class=\"jet-images-layout__inner\">\n\t\t<div class=\"jet-images-layout__image-loader\"><span><\/span><\/div>\n\t\t<a class=\"jet-images-layout__link \" href=\"https:\/\/tahiti-vanille.com\/wp-content\/uploads\/2023\/11\/VENTES_VANILLES4.jpg\" data-elementor-open-lightbox=\"yes\" data-elementor-lightbox-slideshow=\"1e48a8a0\">\n\t\t\t<div class=\"jet-images-layout__image\">\n\t\t\t\t<img decoding=\"async\" class=\"jet-images-layout__image-instance\" src=\"https:\/\/tahiti-vanille.com\/wp-content\/uploads\/2023\/11\/VENTES_VANILLES4.jpg\" data-width=\"590\" data-height=\"800\" alt=\"VENTES_VANILLES4\" loading=\"lazy\">\t\t\t<\/div>\n\t\t\t<div class=\"jet-images-layout__content\"><\/div>\n\t\t<\/a>\n\t<\/div>\n<\/div>\n<div class=\"jet-images-layout__item \">\n\t<div class=\"jet-images-layout__inner\">\n\t\t<div class=\"jet-images-layout__image-loader\"><span><\/span><\/div>\n\t\t<a class=\"jet-images-layout__link \" href=\"https:\/\/tahiti-vanille.com\/wp-content\/uploads\/2023\/11\/VENTES_VANILLES10.jpg\" data-elementor-open-lightbox=\"yes\" data-elementor-lightbox-slideshow=\"1e48a8a0\">\n\t\t\t<div class=\"jet-images-layout__image\">\n\t\t\t\t<img decoding=\"async\" class=\"jet-images-layout__image-instance\" src=\"https:\/\/tahiti-vanille.com\/wp-content\/uploads\/2023\/11\/VENTES_VANILLES10.jpg\" data-width=\"590\" data-height=\"400\" alt=\"VENTES_VANILLES10\" loading=\"lazy\">\t\t\t<\/div>\n\t\t\t<div class=\"jet-images-layout__content\"><\/div>\n\t\t<\/a>\n\t<\/div>\n<\/div>\n<\/div><\/div>\n<\/div>\t\t\t\t<\/div>\n\t\t\t\t<\/div>\n\t\t\t\t\t<\/div>\n\t\t<\/div>\n\t\t\t\t<div class=\"elementor-column elementor-col-50 elementor-top-column elementor-element elementor-element-4d3eee2\" data-id=\"4d3eee2\" data-element_type=\"column\" data-e-type=\"column\">\n\t\t\t<div class=\"elementor-widget-wrap elementor-element-populated\">\n\t\t\t\t\t\t<div class=\"elementor-element elementor-element-6b6f4260 elementor-widget elementor-widget-image\" data-id=\"6b6f4260\" data-element_type=\"widget\" data-e-type=\"widget\" data-widget_type=\"image.default\">\n\t\t\t\t<div class=\"elementor-widget-container\">\n\t\t\t\t\t\t\t\t\t\t\t\t\t\t\t<img fetchpriority=\"high\" decoding=\"async\" width=\"590\" height=\"800\" src=\"https:\/\/tahiti-vanille.com\/wp-content\/uploads\/2023\/11\/VENTES_VANILLES7.jpg\" class=\"attachment-large size-large wp-image-3079\" alt=\"\" srcset=\"https:\/\/tahiti-vanille.com\/wp-content\/uploads\/2023\/11\/VENTES_VANILLES7.jpg 590w, https:\/\/tahiti-vanille.com\/wp-content\/uploads\/2023\/11\/VENTES_VANILLES7-443x600.jpg 443w\" sizes=\"(max-width: 590px) 100vw, 590px\" \/>\t\t\t\t\t\t\t\t\t\t\t\t\t\t\t<\/div>\n\t\t\t\t<\/div>\n\t\t\t\t\t<\/div>\n\t\t<\/div>\n\t\t\t\t\t<\/div>\n\t\t<\/section>\n\t\t\t\t<section class=\"elementor-section elementor-top-section elementor-element elementor-element-75ab3c4 elementor-section-content-middle elementor-reverse-tablet elementor-reverse-mobile elementor-section-boxed elementor-section-height-default elementor-section-height-default\" data-id=\"75ab3c4\" data-element_type=\"section\" data-e-type=\"section\" data-settings=\"{&quot;jet_parallax_layout_list&quot;:[]}\">\n\t\t\t\t\t\t<div class=\"elementor-container elementor-column-gap-wide\">\n\t\t\t\t\t<div class=\"elementor-column elementor-col-50 elementor-top-column elementor-element elementor-element-f9361a2\" data-id=\"f9361a2\" data-element_type=\"column\" data-e-type=\"column\">\n\t\t\t<div class=\"elementor-widget-wrap elementor-element-populated\">\n\t\t\t\t\t\t<div class=\"elementor-element elementor-element-9d9e6e1 elementor-widget elementor-widget-image\" data-id=\"9d9e6e1\" data-element_type=\"widget\" data-e-type=\"widget\" data-widget_type=\"image.default\">\n\t\t\t\t<div class=\"elementor-widget-container\">\n\t\t\t\t\t\t\t\t\t\t\t\t\t\t\t<img decoding=\"async\" width=\"590\" height=\"800\" src=\"https:\/\/tahiti-vanille.com\/wp-content\/uploads\/2023\/11\/VANILLE_MURE.jpg\" class=\"attachment-large size-large wp-image-2862\" alt=\"\" srcset=\"https:\/\/tahiti-vanille.com\/wp-content\/uploads\/2023\/11\/VANILLE_MURE.jpg 590w, https:\/\/tahiti-vanille.com\/wp-content\/uploads\/2023\/11\/VANILLE_MURE-443x600.jpg 443w\" sizes=\"(max-width: 590px) 100vw, 590px\" \/>\t\t\t\t\t\t\t\t\t\t\t\t\t\t\t<\/div>\n\t\t\t\t<\/div>\n\t\t\t\t\t<\/div>\n\t\t<\/div>\n\t\t\t\t<div class=\"elementor-column elementor-col-50 elementor-top-column elementor-element elementor-element-ca3eda1\" data-id=\"ca3eda1\" data-element_type=\"column\" data-e-type=\"column\">\n\t\t\t<div class=\"elementor-widget-wrap elementor-element-populated\">\n\t\t\t\t\t\t<div class=\"elementor-element elementor-element-2ba6399 elementor-widget elementor-widget-heading\" data-id=\"2ba6399\" data-element_type=\"widget\" data-e-type=\"widget\" data-widget_type=\"heading.default\">\n\t\t\t\t<div class=\"elementor-widget-container\">\n\t\t\t\t\t<h2 class=\"elementor-heading-title elementor-size-default\">RACCOLTA TARDIVA<\/h2>\t\t\t\t<\/div>\n\t\t\t\t<\/div>\n\t\t\t\t<div class=\"elementor-element elementor-element-b1f0f8d elementor-widget elementor-widget-text-editor\" data-id=\"b1f0f8d\" data-element_type=\"widget\" data-e-type=\"widget\" data-widget_type=\"text-editor.default\">\n\t\t\t\t<div class=\"elementor-widget-container\">\n\t\t\t\t\t\t\t\t\t<p>Si procede quindi alla raccolta manuale, baccello dopo baccello, giorno dopo giorno, con metodo e rigore.<\/p>\n<p>Vengono selezionati e raccolti solo i frutti giunti al termine del loro maturazione (diventati di colore giallo e marrone scuro), in modo identico alla selezione dell\u2019uva per la vendemmia tardiva e alla selezione delle uve nobili d\u2019Alsazia.<\/p>\n<p>Questo processo di raccolta particolarmente tardiva, unico in Polinesia, permette di sublimare le qualit\u00e0 gustative e aromatiche della vaniglia di Tahiti.<\/p>\n<p>Per questo motivo, Alain ABEL e il suo team attribuiscono a questa raccolta un\u2019importanza fondamentale.<\/p>\n\t\t\t\t\t\t\t\t<\/div>\n\t\t\t\t<\/div>\n\t\t\t\t<div class=\"elementor-element elementor-element-0287303 elementor-widget elementor-widget-jet-images-layout\" data-id=\"0287303\" data-element_type=\"widget\" data-e-type=\"widget\" data-widget_type=\"jet-images-layout.default\">\n\t\t\t\t<div class=\"elementor-widget-container\">\n\t\t\t\t\t<div class=\"elementor-jet-images-layout jet-elements\">\n<div class=\"jet-images-layout layout-type-justify\" data-settings='{&quot;layoutType&quot;:&quot;justify&quot;,&quot;justifyHeight&quot;:175}'>\n\t<div class=\"jet-images-layout__list column-desktop-3 column-tablet-2 column-mobile-1\" >\n<div class=\"jet-images-layout__item \">\n\t<div class=\"jet-images-layout__inner\">\n\t\t<div class=\"jet-images-layout__image-loader\"><span><\/span><\/div>\n\t\t<a class=\"jet-images-layout__link \" href=\"https:\/\/tahiti-vanille.com\/wp-content\/uploads\/2023\/11\/VANILLES_MURES1.jpg\" data-elementor-open-lightbox=\"yes\" data-elementor-lightbox-slideshow=\"0287303\">\n\t\t\t<div class=\"jet-images-layout__image\">\n\t\t\t\t<img decoding=\"async\" class=\"jet-images-layout__image-instance\" src=\"https:\/\/tahiti-vanille.com\/wp-content\/uploads\/2023\/11\/VANILLES_MURES1-768x566.jpg\" data-width=\"768\" data-height=\"566\" alt=\"VANILLES_MURES(1)\" loading=\"lazy\">\t\t\t<\/div>\n\t\t\t<div class=\"jet-images-layout__content\"><\/div>\n\t\t<\/a>\n\t<\/div>\n<\/div>\n<div class=\"jet-images-layout__item \">\n\t<div class=\"jet-images-layout__inner\">\n\t\t<div class=\"jet-images-layout__image-loader\"><span><\/span><\/div>\n\t\t<a class=\"jet-images-layout__link \" href=\"https:\/\/tahiti-vanille.com\/wp-content\/uploads\/2023\/11\/VANILLES_MURES_11.jpg\" data-elementor-open-lightbox=\"yes\" data-elementor-lightbox-slideshow=\"0287303\">\n\t\t\t<div class=\"jet-images-layout__image\">\n\t\t\t\t<img decoding=\"async\" class=\"jet-images-layout__image-instance\" src=\"https:\/\/tahiti-vanille.com\/wp-content\/uploads\/2023\/11\/VANILLES_MURES_11-768x566.jpg\" data-width=\"768\" data-height=\"566\" alt=\"VANILLES_MURES_1(1)\" loading=\"lazy\">\t\t\t<\/div>\n\t\t\t<div class=\"jet-images-layout__content\"><\/div>\n\t\t<\/a>\n\t<\/div>\n<\/div>\n<\/div><\/div>\n<\/div>\t\t\t\t<\/div>\n\t\t\t\t<\/div>\n\t\t\t\t<div class=\"elementor-element elementor-element-e5b83af elementor-widget elementor-widget-text-editor\" data-id=\"e5b83af\" data-element_type=\"widget\" data-e-type=\"widget\" data-widget_type=\"text-editor.default\">\n\t\t\t\t<div class=\"elementor-widget-container\">\n\t\t\t\t\t\t\t\t\t<div>\n<div>La variet\u00e0 di Tahiti ha il vantaggio di non spaccarsi a maturit\u00e0, a differenza della variet\u00e0 Bourbon (Vanilla planifolia).<\/div>\n<div>On parle alors d&#8217;ind\u00e9hiscence du fruit.<\/div>\n<div>&nbsp;<\/div>\n<\/div>\n<div>Nella Polinesia francese, la raccolta \u00e8 eseguita dai cosiddetti \u201cvaniculteurs\u201d (i coltivatori di vaniglia) e si effettua quando il frutto ha raggiunto la dimensione finale e assunto un colore giallo-marrone, nove o dieci mesi dopo la fecondazione.<\/div>\n<div>&nbsp;<\/div>\n<div>Le vendite di vaniglia matura ai preparatori sono disciplinate da una regolamentazione territoriale che si applica esclusivamente ai coltivatori non preparatori.<\/div>\n<div>&nbsp;<\/div>\n<div>Le vendite sono programmate secondo un calendario stabilito dalla Commissione di controllo della vaniglia matura, ogni mese, durante la stagione del raccolto, da marzo a settembre, e per aree geografiche.<\/div>\t\t\t\t\t\t\t\t<\/div>\n\t\t\t\t<\/div>\n\t\t\t\t\t<\/div>\n\t\t<\/div>\n\t\t\t\t\t<\/div>\n\t\t<\/section>\n\t\t\t\t<\/div>\n\t\t","protected":false},"excerpt":{"rendered":"<p>RACCOLTA La raccolta avviene quando il frutto ha raggiunto la dimensione finale e assunto un colore giallo bruno, 9 mesi dopo la fecondazione. Programmata secondo un calendario stabilito dalla Commissione di controllo della vaniglia matura, la raccolta si svolge tutti i 7 giorni e per aree geografiche, durante 6 mesi, periodo della raccolta. I lotti [&hellip;]<\/p>\n","protected":false},"author":1,"featured_media":0,"parent":0,"menu_order":0,"comment_status":"closed","ping_status":"closed","template":"","meta":{"_acf_changed":false,"footnotes":""},"class_list":["post-3904","page","type-page","status-publish","hentry"],"acf":[],"_links":{"self":[{"href":"https:\/\/tahiti-vanille.com\/it\/wp-json\/wp\/v2\/pages\/3904","targetHints":{"allow":["GET"]}}],"collection":[{"href":"https:\/\/tahiti-vanille.com\/it\/wp-json\/wp\/v2\/pages"}],"about":[{"href":"https:\/\/tahiti-vanille.com\/it\/wp-json\/wp\/v2\/types\/page"}],"author":[{"embeddable":true,"href":"https:\/\/tahiti-vanille.com\/it\/wp-json\/wp\/v2\/users\/1"}],"replies":[{"embeddable":true,"href":"https:\/\/tahiti-vanille.com\/it\/wp-json\/wp\/v2\/comments?post=3904"}],"version-history":[{"count":2,"href":"https:\/\/tahiti-vanille.com\/it\/wp-json\/wp\/v2\/pages\/3904\/revisions"}],"predecessor-version":[{"id":4635,"href":"https:\/\/tahiti-vanille.com\/it\/wp-json\/wp\/v2\/pages\/3904\/revisions\/4635"}],"wp:attachment":[{"href":"https:\/\/tahiti-vanille.com\/it\/wp-json\/wp\/v2\/media?parent=3904"}],"curies":[{"name":"wp","href":"https:\/\/api.w.org\/{rel}","templated":true}]}}