{"id":3902,"date":"2023-11-06T03:50:05","date_gmt":"2023-11-06T13:50:05","guid":{"rendered":"https:\/\/serveur-tahiti-vanille.com\/tahiti-vanille\/perche-la-terra\/"},"modified":"2023-11-27T10:06:04","modified_gmt":"2023-11-27T20:06:04","slug":"perche-la-terra","status":"publish","type":"page","link":"https:\/\/tahiti-vanille.com\/it\/perche-la-terra\/","title":{"rendered":"Perch\u00e9 la terra ?"},"content":{"rendered":"\t\t<div data-elementor-type=\"wp-page\" data-elementor-id=\"3902\" class=\"elementor elementor-3902 elementor-2591\" data-elementor-post-type=\"page\">\n\t\t\t\t\t\t<section class=\"elementor-section elementor-top-section elementor-element elementor-element-800c3a7 elementor-section-boxed elementor-section-height-default elementor-section-height-default\" data-id=\"800c3a7\" data-element_type=\"section\" data-e-type=\"section\" data-settings=\"{&quot;jet_parallax_layout_list&quot;:[]}\">\n\t\t\t\t\t\t<div class=\"elementor-container elementor-column-gap-default\">\n\t\t\t\t\t<div class=\"elementor-column elementor-col-100 elementor-top-column elementor-element elementor-element-be2493f\" data-id=\"be2493f\" data-element_type=\"column\" data-e-type=\"column\">\n\t\t\t<div class=\"elementor-widget-wrap elementor-element-populated\">\n\t\t\t\t\t\t<div class=\"elementor-element elementor-element-82326c4 elementor-widget elementor-widget-heading\" data-id=\"82326c4\" data-element_type=\"widget\" data-e-type=\"widget\" data-widget_type=\"heading.default\">\n\t\t\t\t<div class=\"elementor-widget-container\">\n\t\t\t\t\t<h1 class=\"elementor-heading-title elementor-size-default\">LA TERRA<\/h1>\t\t\t\t<\/div>\n\t\t\t\t<\/div>\n\t\t\t\t<div class=\"elementor-element elementor-element-8ae0340 elementor-widget elementor-widget-text-editor\" data-id=\"8ae0340\" data-element_type=\"widget\" data-e-type=\"widget\" data-widget_type=\"text-editor.default\">\n\t\t\t\t<div class=\"elementor-widget-container\">\n\t\t\t\t\t\t\t\t\t<div>Ormai da 20 anni, Alain ABEL e il suo team contribuiscono a promuovere questa spezia rara, proveniente da una terra lontana e destinata agli amanti del gusto, coltivando, preparando ed esportando la vaniglia in tutto il mondo, con amore, passione e umilt\u00e0.<\/div>\n\t\t\t\t\t\t\t\t<\/div>\n\t\t\t\t<\/div>\n\t\t\t\t\t<\/div>\n\t\t<\/div>\n\t\t\t\t\t<\/div>\n\t\t<\/section>\n\t\t\t\t<section class=\"elementor-section elementor-top-section elementor-element elementor-element-a978e68 elementor-section-content-middle elementor-section-boxed elementor-section-height-default elementor-section-height-default\" data-id=\"a978e68\" data-element_type=\"section\" data-e-type=\"section\" data-settings=\"{&quot;jet_parallax_layout_list&quot;:[]}\">\n\t\t\t\t\t\t<div class=\"elementor-container elementor-column-gap-default\">\n\t\t\t\t\t<div class=\"elementor-column elementor-col-50 elementor-top-column elementor-element elementor-element-982e25e\" data-id=\"982e25e\" data-element_type=\"column\" data-e-type=\"column\">\n\t\t\t<div class=\"elementor-widget-wrap elementor-element-populated\">\n\t\t\t\t\t\t<div class=\"elementor-element elementor-element-bdc2daf elementor-widget elementor-widget-heading\" data-id=\"bdc2daf\" data-element_type=\"widget\" data-e-type=\"widget\" data-widget_type=\"heading.default\">\n\t\t\t\t<div class=\"elementor-widget-container\">\n\t\t\t\t\t<h2 class=\"elementor-heading-title elementor-size-default\">Perch\u00e9 la terra ?<\/h2>\t\t\t\t<\/div>\n\t\t\t\t<\/div>\n\t\t\t\t<div class=\"elementor-element elementor-element-4fd9b0a elementor-widget elementor-widget-text-editor\" data-id=\"4fd9b0a\" data-element_type=\"widget\" data-e-type=\"widget\" data-widget_type=\"text-editor.default\">\n\t\t\t\t<div class=\"elementor-widget-container\">\n\t\t\t\t\t\t\t\t\t<div>\n<p>L\u2019idea \u00e8 nata da una semplice constatazione: da oltre un centinaio di anni, la quasi totalit\u00e0 dei mille coltivatori di vaniglia polinesiani non preparano pi\u00f9 la vaniglia da soli (essiccazione), ma la vendono dopo la raccolta ai pochi preparatori locali in attivit\u00e0.<\/p>\n<p>Questo significa che ogni preparatore si rifornisce di vaniglia da almeno un centinaio di coltivatori sparsi in tutto l\u2019arcipelago.<\/p>\n<p>Tutta la vaniglia proveniente dalle diverse piantagioni e isole viene, quindi, miscelata e preparata allo stesso tempo.<\/p>\n<p>Si \u00e8 dunque perso il legame tra il prodotto e la sua terra, perch\u00e9 la vaniglia non \u00e8 pi\u00f9 identificabile.<\/p>\n<p>\u00ab <em>Bisognava quindi ritrovare i terreni nutritivi della nostra preziosa vaniglia di Tahiti,<\/em> <em>distinguerli, identificarli, farli conoscere \u00bb.<\/em><\/p>\n<\/div>\n\t\t\t\t\t\t\t\t<\/div>\n\t\t\t\t<\/div>\n\t\t\t\t\t<\/div>\n\t\t<\/div>\n\t\t\t\t<div class=\"elementor-column elementor-col-50 elementor-top-column elementor-element elementor-element-dc19879\" data-id=\"dc19879\" data-element_type=\"column\" data-e-type=\"column\">\n\t\t\t<div class=\"elementor-widget-wrap elementor-element-populated\">\n\t\t\t\t\t\t<div class=\"elementor-element elementor-element-c2ef195 elementor-widget elementor-widget-image\" data-id=\"c2ef195\" data-element_type=\"widget\" data-e-type=\"widget\" data-widget_type=\"image.default\">\n\t\t\t\t<div class=\"elementor-widget-container\">\n\t\t\t\t\t\t\t\t\t\t\t\t\t\t\t<img fetchpriority=\"high\" decoding=\"async\" width=\"800\" height=\"590\" src=\"https:\/\/tahiti-vanille.com\/wp-content\/uploads\/2023\/11\/TERROIR_4.jpg\" class=\"attachment-large size-large wp-image-2967\" alt=\"\" srcset=\"https:\/\/tahiti-vanille.com\/wp-content\/uploads\/2023\/11\/TERROIR_4.jpg 800w, https:\/\/tahiti-vanille.com\/wp-content\/uploads\/2023\/11\/TERROIR_4-600x443.jpg 600w, https:\/\/tahiti-vanille.com\/wp-content\/uploads\/2023\/11\/TERROIR_4-768x566.jpg 768w\" sizes=\"(max-width: 800px) 100vw, 800px\" \/>\t\t\t\t\t\t\t\t\t\t\t\t\t\t\t<\/div>\n\t\t\t\t<\/div>\n\t\t\t\t\t<\/div>\n\t\t<\/div>\n\t\t\t\t\t<\/div>\n\t\t<\/section>\n\t\t\t\t<section class=\"elementor-section elementor-top-section elementor-element elementor-element-f1be1e2 elementor-section-content-middle elementor-reverse-tablet elementor-reverse-mobile elementor-section-boxed elementor-section-height-default elementor-section-height-default\" data-id=\"f1be1e2\" data-element_type=\"section\" data-e-type=\"section\" data-settings=\"{&quot;jet_parallax_layout_list&quot;:[]}\">\n\t\t\t\t\t\t<div class=\"elementor-container elementor-column-gap-default\">\n\t\t\t\t\t<div class=\"elementor-column elementor-col-50 elementor-top-column elementor-element elementor-element-eaa782b\" data-id=\"eaa782b\" data-element_type=\"column\" data-e-type=\"column\">\n\t\t\t<div class=\"elementor-widget-wrap elementor-element-populated\">\n\t\t\t\t\t\t<div class=\"elementor-element elementor-element-3f62a55 elementor-widget elementor-widget-image\" data-id=\"3f62a55\" data-element_type=\"widget\" data-e-type=\"widget\" data-widget_type=\"image.default\">\n\t\t\t\t<div class=\"elementor-widget-container\">\n\t\t\t\t\t\t\t\t\t\t\t\t\t\t\t<img decoding=\"async\" width=\"800\" height=\"590\" src=\"https:\/\/tahiti-vanille.com\/wp-content\/uploads\/2023\/11\/TERROIR_5.jpg\" class=\"attachment-large size-large wp-image-2961\" alt=\"\" srcset=\"https:\/\/tahiti-vanille.com\/wp-content\/uploads\/2023\/11\/TERROIR_5.jpg 800w, https:\/\/tahiti-vanille.com\/wp-content\/uploads\/2023\/11\/TERROIR_5-600x443.jpg 600w, https:\/\/tahiti-vanille.com\/wp-content\/uploads\/2023\/11\/TERROIR_5-768x566.jpg 768w\" sizes=\"(max-width: 800px) 100vw, 800px\" \/>\t\t\t\t\t\t\t\t\t\t\t\t\t\t\t<\/div>\n\t\t\t\t<\/div>\n\t\t\t\t\t<\/div>\n\t\t<\/div>\n\t\t\t\t<div class=\"elementor-column elementor-col-50 elementor-top-column elementor-element elementor-element-fa48d6d\" data-id=\"fa48d6d\" data-element_type=\"column\" data-e-type=\"column\">\n\t\t\t<div class=\"elementor-widget-wrap elementor-element-populated\">\n\t\t\t\t\t\t<div class=\"elementor-element elementor-element-f94e8cf elementor-widget elementor-widget-heading\" data-id=\"f94e8cf\" data-element_type=\"widget\" data-e-type=\"widget\" data-widget_type=\"heading.default\">\n\t\t\t\t<div class=\"elementor-widget-container\">\n\t\t\t\t\t<h2 class=\"elementor-heading-title elementor-size-default\">Perch\u00e9 la terra ?<\/h2>\t\t\t\t<\/div>\n\t\t\t\t<\/div>\n\t\t\t\t<div class=\"elementor-element elementor-element-a05d6c6 elementor-widget elementor-widget-text-editor\" data-id=\"a05d6c6\" data-element_type=\"widget\" data-e-type=\"widget\" data-widget_type=\"text-editor.default\">\n\t\t\t\t<div class=\"elementor-widget-container\">\n\t\t\t\t\t\t\t\t\t<div>\n<p>Con l\u2019obiettivo costante di garantire una qualit\u00e0 insuperabile, Alain ABEL ha riscoperto il territorio polinesiano distinguendolo in 3 \u201cGrands Crus\u00ae\u201d, al fine una sviluppare una vaniglia di grande carattere, ricca di storia, da degustare e confrontare come i grandi vini.<\/p>\n<\/div>\n\t\t\t\t\t\t\t\t<\/div>\n\t\t\t\t<\/div>\n\t\t\t\t<div class=\"elementor-element elementor-element-4338571 gallery-layout-grid content-visibility-visible content-layout-under-image video-preview-player sticky-filter-bar-false elementor-widget elementor-widget-raven-media-gallery\" data-id=\"4338571\" data-element_type=\"widget\" data-e-type=\"widget\" data-settings=\"{&quot;content_layout_visible&quot;:&quot;under-image&quot;,&quot;all_filter&quot;:&quot;show&quot;}\" data-widget_type=\"raven-media-gallery.default\">\n\t\t\t\t<div class=\"elementor-widget-container\">\n\t\t\t\t\t<div class=\"raven-media-gallery-wrapper\"><div class=\"raven-media-gallery-tab-contents\"><div data-raven-content-index=\"0\" class=\"content active\">\t\t<a class=\"gallery-item\" href=\"https:\/\/tahiti-vanille.com\/grand-cru-tahaa-tahiti-vanille-pxl-11_17_64\/\">\n\t\t\t<div class=\"type-image\">\n\t\t\t\t<div class=\"poster\">\n\t\t\t\t\t\t\t\t\t\t<img decoding=\"async\" loading=\"lazy\" src=\"https:\/\/tahiti-vanille.com\/wp-content\/uploads\/elementor\/thumbs\/Cru-TAHAA-qefvgfes0w0tswqlxd81ioqfbotbtoy09pi3dx61m8.png\" alt=\"tahaa vanilla plantation\">\n\t\t\t\t<\/div>\n\t\t\t<\/div>\n\t\t\t\t\t<div class=\"overlay\">\n\t\t\t\t\t<\/div>\n\t\t\t\t<\/a>\n\t\t\t\t<a class=\"gallery-item\" href=\"https:\/\/tahiti-vanille.com\/grand-cru-raiatea-tahiti-vanille-pxl-11_17_21\/\">\n\t\t\t<div class=\"type-image\">\n\t\t\t\t<div class=\"poster\">\n\t\t\t\t\t\t\t\t\t\t<img decoding=\"async\" loading=\"lazy\" src=\"https:\/\/tahiti-vanille.com\/wp-content\/uploads\/elementor\/thumbs\/CRU-RAIATEA-qefvgdj3n7y95otc8cesdp7i4x2leaqjlg74fd8tyo.png\" alt=\"Vanille Grand Cru Raiatea\">\n\t\t\t\t<\/div>\n\t\t\t<\/div>\n\t\t\t\t\t<div class=\"overlay\">\n\t\t\t\t\t<\/div>\n\t\t\t\t<\/a>\n\t\t\t\t<a class=\"gallery-item\" href=\"https:\/\/tahiti-vanille.com\/grand-cru-borabora-tahiti-vanille-pxl-11_17_65\/\">\n\t\t\t<div class=\"type-image\">\n\t\t\t\t<div class=\"poster\">\n\t\t\t\t\t\t\t\t\t\t<img decoding=\"async\" loading=\"lazy\" src=\"https:\/\/tahiti-vanille.com\/wp-content\/uploads\/elementor\/thumbs\/CRU-BORA-qefvg9rqvvt3v8ysuasa3q5nrdl4jibm8xl6i9eenk.png\" alt=\"100 grammes vanille Grand Cru Bora Bora en sachet\">\n\t\t\t\t<\/div>\n\t\t\t<\/div>\n\t\t\t\t\t<div class=\"overlay\">\n\t\t\t\t\t<\/div>\n\t\t\t\t<\/a>\n\t\t<\/div><\/div><\/div>\t\t\t\t<\/div>\n\t\t\t\t<\/div>\n\t\t\t\t\t<\/div>\n\t\t<\/div>\n\t\t\t\t\t<\/div>\n\t\t<\/section>\n\t\t\t\t<\/div>\n\t\t","protected":false},"excerpt":{"rendered":"<p>LA TERRA Ormai da 20 anni, Alain ABEL e il suo team contribuiscono a promuovere questa spezia rara, proveniente da una terra lontana e destinata agli amanti del gusto, coltivando, preparando ed esportando la vaniglia in tutto il mondo, con amore, passione e umilt\u00e0. Perch\u00e9 la terra ? L\u2019idea \u00e8 nata da una semplice constatazione: [&hellip;]<\/p>\n","protected":false},"author":1,"featured_media":0,"parent":0,"menu_order":0,"comment_status":"closed","ping_status":"closed","template":"","meta":{"_acf_changed":false,"footnotes":""},"class_list":["post-3902","page","type-page","status-publish","hentry"],"acf":[],"_links":{"self":[{"href":"https:\/\/tahiti-vanille.com\/it\/wp-json\/wp\/v2\/pages\/3902","targetHints":{"allow":["GET"]}}],"collection":[{"href":"https:\/\/tahiti-vanille.com\/it\/wp-json\/wp\/v2\/pages"}],"about":[{"href":"https:\/\/tahiti-vanille.com\/it\/wp-json\/wp\/v2\/types\/page"}],"author":[{"embeddable":true,"href":"https:\/\/tahiti-vanille.com\/it\/wp-json\/wp\/v2\/users\/1"}],"replies":[{"embeddable":true,"href":"https:\/\/tahiti-vanille.com\/it\/wp-json\/wp\/v2\/comments?post=3902"}],"version-history":[{"count":1,"href":"https:\/\/tahiti-vanille.com\/it\/wp-json\/wp\/v2\/pages\/3902\/revisions"}],"predecessor-version":[{"id":3903,"href":"https:\/\/tahiti-vanille.com\/it\/wp-json\/wp\/v2\/pages\/3902\/revisions\/3903"}],"wp:attachment":[{"href":"https:\/\/tahiti-vanille.com\/it\/wp-json\/wp\/v2\/media?parent=3902"}],"curies":[{"name":"wp","href":"https:\/\/api.w.org\/{rel}","templated":true}]}}