{"id":3584,"date":"2023-11-06T03:28:14","date_gmt":"2023-11-06T13:28:14","guid":{"rendered":"https:\/\/serveur-tahiti-vanille.com\/tahiti-vanille\/nozioni\/"},"modified":"2023-12-29T00:49:44","modified_gmt":"2023-12-29T10:49:44","slug":"nozioni","status":"publish","type":"page","link":"https:\/\/tahiti-vanille.com\/it\/nozioni\/","title":{"rendered":"Nozioni"},"content":{"rendered":"\t\t<div data-elementor-type=\"wp-page\" data-elementor-id=\"3584\" class=\"elementor elementor-3584 elementor-2553\" data-elementor-post-type=\"page\">\n\t\t\t\t\t\t<section class=\"elementor-section elementor-top-section elementor-element elementor-element-faf3679 elementor-section-boxed elementor-section-height-default elementor-section-height-default\" data-id=\"faf3679\" data-element_type=\"section\" data-e-type=\"section\" data-settings=\"{&quot;jet_parallax_layout_list&quot;:[]}\">\n\t\t\t\t\t\t<div class=\"elementor-container elementor-column-gap-default\">\n\t\t\t\t\t<div class=\"elementor-column elementor-col-100 elementor-top-column elementor-element elementor-element-7ce0078\" data-id=\"7ce0078\" data-element_type=\"column\" data-e-type=\"column\">\n\t\t\t<div class=\"elementor-widget-wrap elementor-element-populated\">\n\t\t\t\t\t\t<div class=\"elementor-element elementor-element-b60cc50 elementor-widget elementor-widget-heading\" data-id=\"b60cc50\" data-element_type=\"widget\" data-e-type=\"widget\" data-widget_type=\"heading.default\">\n\t\t\t\t<div class=\"elementor-widget-container\">\n\t\t\t\t\t<h1 class=\"elementor-heading-title elementor-size-default\">NOZIONI<\/h1>\t\t\t\t<\/div>\n\t\t\t\t<\/div>\n\t\t\t\t\t<\/div>\n\t\t<\/div>\n\t\t\t\t\t<\/div>\n\t\t<\/section>\n\t\t\t\t<section class=\"elementor-section elementor-top-section elementor-element elementor-element-9caafbe elementor-section-boxed elementor-section-height-default elementor-section-height-default\" data-id=\"9caafbe\" data-element_type=\"section\" data-e-type=\"section\" data-settings=\"{&quot;jet_parallax_layout_list&quot;:[]}\">\n\t\t\t\t\t\t<div class=\"elementor-container elementor-column-gap-default\">\n\t\t\t\t\t<div class=\"elementor-column elementor-col-100 elementor-top-column elementor-element elementor-element-36eff73\" data-id=\"36eff73\" data-element_type=\"column\" data-e-type=\"column\">\n\t\t\t<div class=\"elementor-widget-wrap elementor-element-populated\">\n\t\t\t\t\t\t<div class=\"elementor-element elementor-element-10365fe elementor-widget elementor-widget-text-editor\" data-id=\"10365fe\" data-element_type=\"widget\" data-e-type=\"widget\" data-widget_type=\"text-editor.default\">\n\t\t\t\t<div class=\"elementor-widget-container\">\n\t\t\t\t\t\t\t\t\t<p>La vaniglia, come la maggior parte delle orchidee, \u00e8 una pianta originaria dell\u2019America Centrale.<\/p>\n<p>\u00c8 stata introdotta dall\u2019uomo nei paesi produttori, dopo la scoperta del Nuovo Mondo. <\/p>\n<p>La vaniglia \u00e8 il frutto dell&#8217;impollinazione del fiore della vaniglia (vitigno della famiglia delle orchidee).<\/p>\n<p>L\u2019impollinazione (o \u201cmatrimonio\u201d) del fiore \u00e8 indotta artificialmente dall\u2019uomo.<\/p>\n<p>Esistono numerose variet\u00e0 di vaniglia, pochissime delle quali hanno propriet\u00e0 aromatiche.<\/p>\n<p>Le due variet\u00e0 pi\u00f9 ricercate per le loro grandi virt\u00f9 aromatiche sono:<\/p>\n\t\t\t\t\t\t\t\t<\/div>\n\t\t\t\t<\/div>\n\t\t\t\t\t<\/div>\n\t\t<\/div>\n\t\t\t\t\t<\/div>\n\t\t<\/section>\n\t\t\t\t<section class=\"elementor-section elementor-top-section elementor-element elementor-element-72e010c elementor-section-boxed elementor-section-height-default elementor-section-height-default\" data-id=\"72e010c\" data-element_type=\"section\" data-e-type=\"section\" data-settings=\"{&quot;jet_parallax_layout_list&quot;:[]}\">\n\t\t\t\t\t\t<div class=\"elementor-container elementor-column-gap-default\">\n\t\t\t\t\t<div class=\"elementor-column elementor-col-100 elementor-top-column elementor-element elementor-element-69c05b8\" data-id=\"69c05b8\" data-element_type=\"column\" data-e-type=\"column\">\n\t\t\t<div class=\"elementor-widget-wrap elementor-element-populated\">\n\t\t\t\t\t\t<div class=\"elementor-element elementor-element-37e2596 elementor-widget elementor-widget-text-editor\" data-id=\"37e2596\" data-element_type=\"widget\" data-e-type=\"widget\" data-widget_type=\"text-editor.default\">\n\t\t\t\t<div class=\"elementor-widget-container\">\n\t\t\t\t\t\t\t\t\t<p><strong>* la Vanilla X tahitensis (vaniglia di Tahiti<br \/><\/strong>, caratteristica di Tahiti e le sue isole <br \/>(1% della produzione mondiale).<\/p>\n\t\t\t\t\t\t\t\t<\/div>\n\t\t\t\t<\/div>\n\t\t\t\t<div class=\"elementor-element elementor-element-1812ce6 elementor-widget elementor-widget-jet-images-layout\" data-id=\"1812ce6\" data-element_type=\"widget\" data-e-type=\"widget\" data-widget_type=\"jet-images-layout.default\">\n\t\t\t\t<div class=\"elementor-widget-container\">\n\t\t\t\t\t<div class=\"elementor-jet-images-layout jet-elements\">\n<div class=\"jet-images-layout layout-type-justify\" data-settings='{&quot;layoutType&quot;:&quot;justify&quot;,&quot;justifyHeight&quot;:300}'>\n\t<div class=\"jet-images-layout__list column-desktop-3 column-tablet-2 column-mobile-1\" >\n<div class=\"jet-images-layout__item \">\n\t<div class=\"jet-images-layout__inner\">\n\t\t<div class=\"jet-images-layout__image-loader\"><span><\/span><\/div>\n\t\t<a class=\"jet-images-layout__link \" href=\"https:\/\/tahiti-vanille.com\/wp-content\/uploads\/2023\/11\/PLANTATION_VANILLE-TAHITI.jpg\" data-elementor-open-lightbox=\"yes\" data-elementor-lightbox-slideshow=\"1812ce6\">\n\t\t\t<div class=\"jet-images-layout__image\">\n\t\t\t\t<img decoding=\"async\" class=\"jet-images-layout__image-instance\" src=\"https:\/\/tahiti-vanille.com\/wp-content\/uploads\/2023\/11\/PLANTATION_VANILLE-TAHITI.jpg\" data-width=\"590\" data-height=\"887\" alt=\"PLANTATION_VANILLE TAHITI\" loading=\"lazy\">\t\t\t<\/div>\n\t\t\t<div class=\"jet-images-layout__content\"><\/div>\n\t\t<\/a>\n\t<\/div>\n<\/div>\n<div class=\"jet-images-layout__item \">\n\t<div class=\"jet-images-layout__inner\">\n\t\t<div class=\"jet-images-layout__image-loader\"><span><\/span><\/div>\n\t\t<a class=\"jet-images-layout__link \" href=\"https:\/\/tahiti-vanille.com\/wp-content\/uploads\/2023\/11\/FLEUR-_VANILLE-_DE_TAHITI.jpg\" data-elementor-open-lightbox=\"yes\" data-elementor-lightbox-slideshow=\"1812ce6\">\n\t\t\t<div class=\"jet-images-layout__image\">\n\t\t\t\t<img decoding=\"async\" class=\"jet-images-layout__image-instance\" src=\"https:\/\/tahiti-vanille.com\/wp-content\/uploads\/2023\/11\/FLEUR-_VANILLE-_DE_TAHITI.jpg\" data-width=\"800\" data-height=\"590\" alt=\"FLEUR _VANILLE _DE_TAHITI\" loading=\"lazy\">\t\t\t<\/div>\n\t\t\t<div class=\"jet-images-layout__content\"><\/div>\n\t\t<\/a>\n\t<\/div>\n<\/div>\n<\/div><\/div>\n<\/div>\t\t\t\t<\/div>\n\t\t\t\t<\/div>\n\t\t\t\t<div class=\"elementor-element elementor-element-88e3771 elementor-widget elementor-widget-text-editor\" data-id=\"88e3771\" data-element_type=\"widget\" data-e-type=\"widget\" data-widget_type=\"text-editor.default\">\n\t\t\t\t<div class=\"elementor-widget-container\">\n\t\t\t\t\t\t\t\t\t<p><strong>* la Vanilla fragrans (vaniglia Bourbon<br \/><\/strong>, presente in tutti gli altri paesi produttori, tra cui <br \/>Madagascar, Isola della Riunione, Indonesia, Messico, Uganda, Isole Comore e India (99% della produzione mondiale).<\/p>\n\t\t\t\t\t\t\t\t<\/div>\n\t\t\t\t<\/div>\n\t\t\t\t<div class=\"elementor-element elementor-element-b9b9e29 elementor-widget elementor-widget-jet-images-layout\" data-id=\"b9b9e29\" data-element_type=\"widget\" data-e-type=\"widget\" data-widget_type=\"jet-images-layout.default\">\n\t\t\t\t<div class=\"elementor-widget-container\">\n\t\t\t\t\t<div class=\"elementor-jet-images-layout jet-elements\">\n<div class=\"jet-images-layout layout-type-justify\" data-settings='{&quot;layoutType&quot;:&quot;justify&quot;,&quot;justifyHeight&quot;:300}'>\n\t<div class=\"jet-images-layout__list column-desktop-3 column-tablet-2 column-mobile-1\" >\n<div class=\"jet-images-layout__item \">\n\t<div class=\"jet-images-layout__inner\">\n\t\t<div class=\"jet-images-layout__image-loader\"><span><\/span><\/div>\n\t\t<a class=\"jet-images-layout__link \" href=\"https:\/\/tahiti-vanille.com\/wp-content\/uploads\/2023\/11\/VANILLA_PLANIFOLIA_OMBRIERES1.jpg\" data-elementor-open-lightbox=\"yes\" data-elementor-lightbox-slideshow=\"b9b9e29\">\n\t\t\t<div class=\"jet-images-layout__image\">\n\t\t\t\t<img decoding=\"async\" class=\"jet-images-layout__image-instance\" src=\"https:\/\/tahiti-vanille.com\/wp-content\/uploads\/2023\/11\/VANILLA_PLANIFOLIA_OMBRIERES1.jpg\" data-width=\"800\" data-height=\"590\" alt=\"VANILLA_PLANIFOLIA_OMBRIERES(1)\" loading=\"lazy\">\t\t\t<\/div>\n\t\t\t<div class=\"jet-images-layout__content\"><\/div>\n\t\t<\/a>\n\t<\/div>\n<\/div>\n<div class=\"jet-images-layout__item \">\n\t<div class=\"jet-images-layout__inner\">\n\t\t<div class=\"jet-images-layout__image-loader\"><span><\/span><\/div>\n\t\t<a class=\"jet-images-layout__link \" href=\"https:\/\/tahiti-vanille.com\/wp-content\/uploads\/2023\/11\/PLANIFOLIA_FLOWER1.jpg\" data-elementor-open-lightbox=\"yes\" data-elementor-lightbox-slideshow=\"b9b9e29\">\n\t\t\t<div class=\"jet-images-layout__image\">\n\t\t\t\t<img decoding=\"async\" class=\"jet-images-layout__image-instance\" src=\"https:\/\/tahiti-vanille.com\/wp-content\/uploads\/2023\/11\/PLANIFOLIA_FLOWER1.jpg\" data-width=\"800\" data-height=\"590\" alt=\"PLANIFOLIA_FLOWER(1)\" loading=\"lazy\">\t\t\t<\/div>\n\t\t\t<div class=\"jet-images-layout__content\"><\/div>\n\t\t<\/a>\n\t<\/div>\n<\/div>\n<\/div><\/div>\n<\/div>\t\t\t\t<\/div>\n\t\t\t\t<\/div>\n\t\t\t\t\t<\/div>\n\t\t<\/div>\n\t\t\t\t\t<\/div>\n\t\t<\/section>\n\t\t\t\t<\/div>\n\t\t","protected":false},"excerpt":{"rendered":"<p>NOZIONI La vaniglia, come la maggior parte delle orchidee, \u00e8 una pianta originaria dell\u2019America Centrale. \u00c8 stata introdotta dall\u2019uomo nei paesi produttori, dopo la scoperta del Nuovo Mondo. La vaniglia \u00e8 il frutto dell&#8217;impollinazione del fiore della vaniglia (vitigno della famiglia delle orchidee). L\u2019impollinazione (o \u201cmatrimonio\u201d) del fiore \u00e8 indotta artificialmente dall\u2019uomo. Esistono numerose variet\u00e0 [&hellip;]<\/p>\n","protected":false},"author":1,"featured_media":0,"parent":0,"menu_order":0,"comment_status":"closed","ping_status":"closed","template":"","meta":{"_acf_changed":false,"footnotes":""},"class_list":["post-3584","page","type-page","status-publish","hentry"],"acf":[],"_links":{"self":[{"href":"https:\/\/tahiti-vanille.com\/it\/wp-json\/wp\/v2\/pages\/3584","targetHints":{"allow":["GET"]}}],"collection":[{"href":"https:\/\/tahiti-vanille.com\/it\/wp-json\/wp\/v2\/pages"}],"about":[{"href":"https:\/\/tahiti-vanille.com\/it\/wp-json\/wp\/v2\/types\/page"}],"author":[{"embeddable":true,"href":"https:\/\/tahiti-vanille.com\/it\/wp-json\/wp\/v2\/users\/1"}],"replies":[{"embeddable":true,"href":"https:\/\/tahiti-vanille.com\/it\/wp-json\/wp\/v2\/comments?post=3584"}],"version-history":[{"count":2,"href":"https:\/\/tahiti-vanille.com\/it\/wp-json\/wp\/v2\/pages\/3584\/revisions"}],"predecessor-version":[{"id":4632,"href":"https:\/\/tahiti-vanille.com\/it\/wp-json\/wp\/v2\/pages\/3584\/revisions\/4632"}],"wp:attachment":[{"href":"https:\/\/tahiti-vanille.com\/it\/wp-json\/wp\/v2\/media?parent=3584"}],"curies":[{"name":"wp","href":"https:\/\/api.w.org\/{rel}","templated":true}]}}