{"id":3570,"date":"2023-11-06T03:37:44","date_gmt":"2023-11-06T13:37:44","guid":{"rendered":"https:\/\/serveur-tahiti-vanille.com\/tahiti-vanille\/la-storia\/"},"modified":"2023-11-18T07:59:41","modified_gmt":"2023-11-18T17:59:41","slug":"la-storia","status":"publish","type":"page","link":"https:\/\/tahiti-vanille.com\/it\/la-storia\/","title":{"rendered":"La storia"},"content":{"rendered":"\t\t<div data-elementor-type=\"wp-page\" data-elementor-id=\"3570\" class=\"elementor elementor-3570 elementor-2558\" data-elementor-post-type=\"page\">\n\t\t\t\t\t\t<section class=\"elementor-section elementor-top-section elementor-element elementor-element-a7bf8ab elementor-section-boxed elementor-section-height-default elementor-section-height-default\" data-id=\"a7bf8ab\" data-element_type=\"section\" data-e-type=\"section\" data-settings=\"{&quot;jet_parallax_layout_list&quot;:[]}\">\n\t\t\t\t\t\t<div class=\"elementor-container elementor-column-gap-wide\">\n\t\t\t\t\t<div class=\"elementor-column elementor-col-50 elementor-top-column elementor-element elementor-element-bbe7c4d\" data-id=\"bbe7c4d\" data-element_type=\"column\" data-e-type=\"column\">\n\t\t\t<div class=\"elementor-widget-wrap elementor-element-populated\">\n\t\t\t\t\t\t<div class=\"elementor-element elementor-element-c18116c elementor-widget elementor-widget-heading\" data-id=\"c18116c\" data-element_type=\"widget\" data-e-type=\"widget\" data-widget_type=\"heading.default\">\n\t\t\t\t<div class=\"elementor-widget-container\">\n\t\t\t\t\t<h1 class=\"elementor-heading-title elementor-size-default\">La storia<\/h1>\t\t\t\t<\/div>\n\t\t\t\t<\/div>\n\t\t\t\t<div class=\"elementor-element elementor-element-c95d2de elementor-widget elementor-widget-text-editor\" data-id=\"c95d2de\" data-element_type=\"widget\" data-e-type=\"widget\" data-widget_type=\"text-editor.default\">\n\t\t\t\t<div class=\"elementor-widget-container\">\n\t\t\t\t\t\t\t\t\t<p>Nel 1848, l\u2019ammiraglio Hamelin importa a Tahiti alcune piante di Vanilla aromatica. Due anni dopo, l\u2019ammiraglio Bonnard ne importa alcune di Vanilla fragrans.<\/p>\n<p>Queste due specie sono state abilmente incrociate per ottenere la variet\u00e0 pi\u00f9 apprezzata e coltivata di Tahiti: la vaniglia di Tahiti.<\/p>\n<p>La coltivazione su larga scala \u00e8 iniziata nel 1880 ed \u00e8 stata praticata nella maggior parte delle isole alte dell\u2019arcipelago, tra cui le Isole Sottovento.<\/p>\n\t\t\t\t\t\t\t\t<\/div>\n\t\t\t\t<\/div>\n\t\t\t\t\t<\/div>\n\t\t<\/div>\n\t\t\t\t<div class=\"elementor-column elementor-col-50 elementor-top-column elementor-element elementor-element-c084329\" data-id=\"c084329\" data-element_type=\"column\" data-e-type=\"column\">\n\t\t\t<div class=\"elementor-widget-wrap elementor-element-populated\">\n\t\t\t\t\t\t<div class=\"elementor-element elementor-element-59f29e8 elementor-widget elementor-widget-image\" data-id=\"59f29e8\" data-element_type=\"widget\" data-e-type=\"widget\" data-widget_type=\"image.default\">\n\t\t\t\t<div class=\"elementor-widget-container\">\n\t\t\t\t\t\t\t\t\t\t\t\t\t\t\t<img fetchpriority=\"high\" decoding=\"async\" width=\"600\" height=\"600\" src=\"https:\/\/tahiti-vanille.com\/wp-content\/uploads\/2023\/10\/VANILLE_ANCIEN_TIME_1.jpg\" class=\"attachment-medium size-medium wp-image-1545\" alt=\"\" srcset=\"https:\/\/tahiti-vanille.com\/wp-content\/uploads\/2023\/10\/VANILLE_ANCIEN_TIME_1.jpg 800w, https:\/\/tahiti-vanille.com\/wp-content\/uploads\/2023\/10\/VANILLE_ANCIEN_TIME_1-300x300.jpg 300w, https:\/\/tahiti-vanille.com\/wp-content\/uploads\/2023\/10\/VANILLE_ANCIEN_TIME_1-100x100.jpg 100w, https:\/\/tahiti-vanille.com\/wp-content\/uploads\/2023\/10\/VANILLE_ANCIEN_TIME_1-600x600.jpg 600w, https:\/\/tahiti-vanille.com\/wp-content\/uploads\/2023\/10\/VANILLE_ANCIEN_TIME_1-250x250.jpg 250w\" sizes=\"(max-width: 600px) 100vw, 600px\" \/>\t\t\t\t\t\t\t\t\t\t\t\t\t\t\t<\/div>\n\t\t\t\t<\/div>\n\t\t\t\t\t<\/div>\n\t\t<\/div>\n\t\t\t\t\t<\/div>\n\t\t<\/section>\n\t\t\t\t<\/div>\n\t\t","protected":false},"excerpt":{"rendered":"<p>La storia Nel 1848, l\u2019ammiraglio Hamelin importa a Tahiti alcune piante di Vanilla aromatica. Due anni dopo, l\u2019ammiraglio Bonnard ne importa alcune di Vanilla fragrans. Queste due specie sono state abilmente incrociate per ottenere la variet\u00e0 pi\u00f9 apprezzata e coltivata di Tahiti: la vaniglia di Tahiti. La coltivazione su larga scala \u00e8 iniziata nel 1880 [&hellip;]<\/p>\n","protected":false},"author":1,"featured_media":0,"parent":0,"menu_order":0,"comment_status":"closed","ping_status":"closed","template":"","meta":{"_acf_changed":false,"footnotes":""},"class_list":["post-3570","page","type-page","status-publish","hentry"],"acf":[],"_links":{"self":[{"href":"https:\/\/tahiti-vanille.com\/it\/wp-json\/wp\/v2\/pages\/3570","targetHints":{"allow":["GET"]}}],"collection":[{"href":"https:\/\/tahiti-vanille.com\/it\/wp-json\/wp\/v2\/pages"}],"about":[{"href":"https:\/\/tahiti-vanille.com\/it\/wp-json\/wp\/v2\/types\/page"}],"author":[{"embeddable":true,"href":"https:\/\/tahiti-vanille.com\/it\/wp-json\/wp\/v2\/users\/1"}],"replies":[{"embeddable":true,"href":"https:\/\/tahiti-vanille.com\/it\/wp-json\/wp\/v2\/comments?post=3570"}],"version-history":[{"count":1,"href":"https:\/\/tahiti-vanille.com\/it\/wp-json\/wp\/v2\/pages\/3570\/revisions"}],"predecessor-version":[{"id":3571,"href":"https:\/\/tahiti-vanille.com\/it\/wp-json\/wp\/v2\/pages\/3570\/revisions\/3571"}],"wp:attachment":[{"href":"https:\/\/tahiti-vanille.com\/it\/wp-json\/wp\/v2\/media?parent=3570"}],"curies":[{"name":"wp","href":"https:\/\/api.w.org\/{rel}","templated":true}]}}