{"id":3560,"date":"2023-11-06T03:44:53","date_gmt":"2023-11-06T13:44:53","guid":{"rendered":"https:\/\/serveur-tahiti-vanille.com\/tahiti-vanille\/punti-di-forza-componenti-aromatiche\/"},"modified":"2023-11-18T06:34:24","modified_gmt":"2023-11-18T16:34:24","slug":"punti-di-forza-componenti-aromatiche","status":"publish","type":"page","link":"https:\/\/tahiti-vanille.com\/it\/punti-di-forza-componenti-aromatiche\/","title":{"rendered":"Punti di forza \/ componenti aromatiche"},"content":{"rendered":"\t\t<div data-elementor-type=\"wp-page\" data-elementor-id=\"3560\" class=\"elementor elementor-3560 elementor-2573\" data-elementor-post-type=\"page\">\n\t\t\t\t\t\t<section class=\"elementor-section elementor-top-section elementor-element elementor-element-3a169e7e elementor-section-boxed elementor-section-height-default elementor-section-height-default\" data-id=\"3a169e7e\" data-element_type=\"section\" data-e-type=\"section\" data-settings=\"{&quot;jet_parallax_layout_list&quot;:[]}\">\n\t\t\t\t\t\t<div class=\"elementor-container elementor-column-gap-default\">\n\t\t\t\t\t<div class=\"elementor-column elementor-col-100 elementor-top-column elementor-element elementor-element-5742b4b4\" data-id=\"5742b4b4\" data-element_type=\"column\" data-e-type=\"column\">\n\t\t\t<div class=\"elementor-widget-wrap elementor-element-populated\">\n\t\t\t\t\t\t<div class=\"elementor-element elementor-element-2e99e4a1 elementor-widget elementor-widget-heading\" data-id=\"2e99e4a1\" data-element_type=\"widget\" data-e-type=\"widget\" data-widget_type=\"heading.default\">\n\t\t\t\t<div class=\"elementor-widget-container\">\n\t\t\t\t\t<h1 class=\"elementor-heading-title elementor-size-default\">Punti di forza \/ componenti aromatiche<\/h1>\t\t\t\t<\/div>\n\t\t\t\t<\/div>\n\t\t\t\t\t<\/div>\n\t\t<\/div>\n\t\t\t\t\t<\/div>\n\t\t<\/section>\n\t\t\t\t<section class=\"elementor-section elementor-top-section elementor-element elementor-element-5f1a5f48 elementor-section-content-middle elementor-section-boxed elementor-section-height-default elementor-section-height-default\" data-id=\"5f1a5f48\" data-element_type=\"section\" data-e-type=\"section\" data-settings=\"{&quot;jet_parallax_layout_list&quot;:[]}\">\n\t\t\t\t\t\t<div class=\"elementor-container elementor-column-gap-wide\">\n\t\t\t\t\t<div class=\"elementor-column elementor-col-100 elementor-top-column elementor-element elementor-element-577e3c7c\" data-id=\"577e3c7c\" data-element_type=\"column\" data-e-type=\"column\">\n\t\t\t<div class=\"elementor-widget-wrap elementor-element-populated\">\n\t\t\t\t\t\t<div class=\"elementor-element elementor-element-43f040ba elementor-widget elementor-widget-text-editor\" data-id=\"43f040ba\" data-element_type=\"widget\" data-e-type=\"widget\" data-widget_type=\"text-editor.default\">\n\t\t\t\t<div class=\"elementor-widget-container\">\n\t\t\t\t\t\t\t\t\t<h2>Punti di forza<\/h2>\n<p>La prima caratteristica della vaniglia di Tahiti consiste nel fatto che il suo baccello non esplode a maturit\u00e0 (a differenza della Vanilla fragrans).<\/p>\n<p>Per questo motivo, il baccello pu\u00f2 essere raccolto pi\u00f9 tardi, rivelandosi pi\u00f9 carnoso, pi\u00f9 fragrante e carico di semi<\/p>\n<p>(si pensi alla differenza che c\u2019\u00e8 un frutto maturo baciato dal sole e un frutto raccolto prima della maturazione).<\/p>\n\t\t\t\t\t\t\t\t<\/div>\n\t\t\t\t<\/div>\n\t\t\t\t<div class=\"elementor-element elementor-element-64e1dd3 elementor-widget elementor-widget-text-editor\" data-id=\"64e1dd3\" data-element_type=\"widget\" data-e-type=\"widget\" data-widget_type=\"text-editor.default\">\n\t\t\t\t<div class=\"elementor-widget-container\">\n\t\t\t\t\t\t\t\t\t<p>La seconda caratteristica della vaniglia di Tahiti risiede nella specificit\u00e0 e nella particolare delicatezza della sua fragranza, che le conferisce una qualit\u00e0 superiore e la posiziona sul mercato mondiale <strong>come una vaniglia alimentare di alta gamma.<\/strong><\/p>\n<p>Infine, la nostra preparazione tipica, esclusiva, manuale e del tutto naturale (senza riscaldamento o forni di essiccazione, come nel caso della Vanilla fragrans) consente di non \u201crompere\u201d, ma di sviluppare tutte le sfumature delle componenti aromatiche, alcune delle quali appartengono <strong>esclusivamente<\/strong> alla vaniglia di Tahiti.<\/p>\n\t\t\t\t\t\t\t\t<\/div>\n\t\t\t\t<\/div>\n\t\t\t\t<div class=\"elementor-element elementor-element-636346dc elementor-widget elementor-widget-jet-images-layout\" data-id=\"636346dc\" data-element_type=\"widget\" data-e-type=\"widget\" data-widget_type=\"jet-images-layout.default\">\n\t\t\t\t<div class=\"elementor-widget-container\">\n\t\t\t\t\t<div class=\"elementor-jet-images-layout jet-elements\">\n<div class=\"jet-images-layout layout-type-justify\" data-settings='{&quot;layoutType&quot;:&quot;justify&quot;,&quot;justifyHeight&quot;:175}'>\n\t<div class=\"jet-images-layout__list column-desktop-3 column-tablet-2 column-mobile-1\" >\n<div class=\"jet-images-layout__item \">\n\t<div class=\"jet-images-layout__inner\">\n\t\t<div class=\"jet-images-layout__image-loader\"><span><\/span><\/div>\n\t\t<a class=\"jet-images-layout__link \" href=\"https:\/\/tahiti-vanille.com\/wp-content\/uploads\/2023\/11\/VANILLE-MURE-MHV.jpg\" data-elementor-open-lightbox=\"yes\" data-elementor-lightbox-slideshow=\"636346dc\">\n\t\t\t<div class=\"jet-images-layout__image\">\n\t\t\t\t<img decoding=\"async\" class=\"jet-images-layout__image-instance\" src=\"https:\/\/tahiti-vanille.com\/wp-content\/uploads\/2023\/11\/VANILLE-MURE-MHV.jpg\" data-width=\"515\" data-height=\"800\" alt=\"VANILLE MURE MHV\" loading=\"lazy\">\t\t\t<\/div>\n\t\t\t<div class=\"jet-images-layout__content\"><\/div>\n\t\t<\/a>\n\t<\/div>\n<\/div>\n<div class=\"jet-images-layout__item \">\n\t<div class=\"jet-images-layout__inner\">\n\t\t<div class=\"jet-images-layout__image-loader\"><span><\/span><\/div>\n\t\t<a class=\"jet-images-layout__link \" href=\"https:\/\/tahiti-vanille.com\/wp-content\/uploads\/2023\/11\/ATOUTS.jpg\" data-elementor-open-lightbox=\"yes\" data-elementor-lightbox-slideshow=\"636346dc\">\n\t\t\t<div class=\"jet-images-layout__image\">\n\t\t\t\t<img decoding=\"async\" class=\"jet-images-layout__image-instance\" src=\"https:\/\/tahiti-vanille.com\/wp-content\/uploads\/2023\/11\/ATOUTS.jpg\" data-width=\"515\" data-height=\"800\" alt=\"ATOUTS\" loading=\"lazy\">\t\t\t<\/div>\n\t\t\t<div class=\"jet-images-layout__content\"><\/div>\n\t\t<\/a>\n\t<\/div>\n<\/div>\n<div class=\"jet-images-layout__item \">\n\t<div class=\"jet-images-layout__inner\">\n\t\t<div class=\"jet-images-layout__image-loader\"><span><\/span><\/div>\n\t\t<a class=\"jet-images-layout__link \" href=\"https:\/\/tahiti-vanille.com\/wp-content\/uploads\/2023\/11\/ATOUTS3.jpg\" data-elementor-open-lightbox=\"yes\" data-elementor-lightbox-slideshow=\"636346dc\">\n\t\t\t<div class=\"jet-images-layout__image\">\n\t\t\t\t<img decoding=\"async\" class=\"jet-images-layout__image-instance\" src=\"https:\/\/tahiti-vanille.com\/wp-content\/uploads\/2023\/11\/ATOUTS3.jpg\" data-width=\"800\" data-height=\"590\" alt=\"ATOUTS3\" loading=\"lazy\">\t\t\t<\/div>\n\t\t\t<div class=\"jet-images-layout__content\"><\/div>\n\t\t<\/a>\n\t<\/div>\n<\/div>\n<\/div><\/div>\n<\/div>\t\t\t\t<\/div>\n\t\t\t\t<\/div>\n\t\t\t\t<div class=\"elementor-element elementor-element-84b99b5 elementor-widget elementor-widget-text-editor\" data-id=\"84b99b5\" data-element_type=\"widget\" data-e-type=\"widget\" data-widget_type=\"text-editor.default\">\n\t\t\t\t<div class=\"elementor-widget-container\">\n\t\t\t\t\t\t\t\t\t<h2>COMPONENTI AROMATICHE<\/h2>\n<p>Principali componenti aromatiche della Vanilla Tahitensis:<\/p>\n<ul>\n<li>*&gt; Alcoli: anisico, p-idrossibenzile<\/li>\n<li>*&gt; Aldeidi: protocatechico, anisico, p-idrossibenzile<\/li>\n<li>*&gt; Acidi: protocatechico, anisico, p-idrossibenzile<\/li>\n<li>*&gt; Vanillina<\/li>\n<li>*&gt; Eliotropina.<\/li>\n<\/ul>\n\t\t\t\t\t\t\t\t<\/div>\n\t\t\t\t<\/div>\n\t\t\t\t<div class=\"elementor-element elementor-element-b5d1719 elementor-widget elementor-widget-text-editor\" data-id=\"b5d1719\" data-element_type=\"widget\" data-e-type=\"widget\" data-widget_type=\"text-editor.default\">\n\t\t\t\t<div class=\"elementor-widget-container\">\n\t\t\t\t\t\t\t\t\t<p><strong>La vaniglia di Tahiti \u00e8 una spezia rara. <\/strong><\/p>\n<p>Come afferma Alain ABEL:<\/p>\n<p><em>\u00ab La vaniglia di Tahiti sta alla vaniglia, come il caviale sta alle uova di lompo&#8230; \u00bb.<\/em><\/p>\n<p>La delicatezza del suo profumo ammaliante, la consistenza morbida e oleosa del suo baccello e il suo aroma potente ne fanno un prodotto estremamente ricercato da privati e professionisti, come i pi\u00f9 grandi chef e pasticceri, i distributori di prodotti alimentari di alta gamma, nonch\u00e9 i grandi nomi dell\u2019alta profumeria, tutti desiderosi di fornire il meglio ai propri clienti.<\/p>\n\t\t\t\t\t\t\t\t<\/div>\n\t\t\t\t<\/div>\n\t\t\t\t\t<\/div>\n\t\t<\/div>\n\t\t\t\t\t<\/div>\n\t\t<\/section>\n\t\t\t\t<section class=\"elementor-section elementor-top-section elementor-element elementor-element-1624df5 elementor-section-boxed elementor-section-height-default elementor-section-height-default\" data-id=\"1624df5\" data-element_type=\"section\" data-e-type=\"section\" data-settings=\"{&quot;jet_parallax_layout_list&quot;:[]}\">\n\t\t\t\t\t\t<div class=\"elementor-container elementor-column-gap-default\">\n\t\t\t\t\t<div class=\"elementor-column elementor-col-100 elementor-top-column elementor-element elementor-element-6439980\" data-id=\"6439980\" data-element_type=\"column\" data-e-type=\"column\">\n\t\t\t<div class=\"elementor-widget-wrap\">\n\t\t\t\t\t\t\t<\/div>\n\t\t<\/div>\n\t\t\t\t\t<\/div>\n\t\t<\/section>\n\t\t\t\t<\/div>\n\t\t","protected":false},"excerpt":{"rendered":"<p>Punti di forza \/ componenti aromatiche Punti di forza La prima caratteristica della vaniglia di Tahiti consiste nel fatto che il suo baccello non esplode a maturit\u00e0 (a differenza della Vanilla fragrans). Per questo motivo, il baccello pu\u00f2 essere raccolto pi\u00f9 tardi, rivelandosi pi\u00f9 carnoso, pi\u00f9 fragrante e carico di semi (si pensi alla differenza [&hellip;]<\/p>\n","protected":false},"author":1,"featured_media":0,"parent":0,"menu_order":0,"comment_status":"closed","ping_status":"closed","template":"","meta":{"_acf_changed":false,"footnotes":""},"class_list":["post-3560","page","type-page","status-publish","hentry"],"acf":[],"_links":{"self":[{"href":"https:\/\/tahiti-vanille.com\/it\/wp-json\/wp\/v2\/pages\/3560","targetHints":{"allow":["GET"]}}],"collection":[{"href":"https:\/\/tahiti-vanille.com\/it\/wp-json\/wp\/v2\/pages"}],"about":[{"href":"https:\/\/tahiti-vanille.com\/it\/wp-json\/wp\/v2\/types\/page"}],"author":[{"embeddable":true,"href":"https:\/\/tahiti-vanille.com\/it\/wp-json\/wp\/v2\/users\/1"}],"replies":[{"embeddable":true,"href":"https:\/\/tahiti-vanille.com\/it\/wp-json\/wp\/v2\/comments?post=3560"}],"version-history":[{"count":1,"href":"https:\/\/tahiti-vanille.com\/it\/wp-json\/wp\/v2\/pages\/3560\/revisions"}],"predecessor-version":[{"id":3561,"href":"https:\/\/tahiti-vanille.com\/it\/wp-json\/wp\/v2\/pages\/3560\/revisions\/3561"}],"wp:attachment":[{"href":"https:\/\/tahiti-vanille.com\/it\/wp-json\/wp\/v2\/media?parent=3560"}],"curies":[{"name":"wp","href":"https:\/\/api.w.org\/{rel}","templated":true}]}}