{"id":1661,"date":"2023-10-23T06:18:36","date_gmt":"2023-10-23T16:18:36","guid":{"rendered":"https:\/\/serveur-tahiti-vanille.com\/tahiti-vanille\/notizie.html"},"modified":"2023-12-18T00:39:16","modified_gmt":"2023-12-18T10:39:16","slug":"notizie","status":"publish","type":"page","link":"https:\/\/tahiti-vanille.com\/it\/notizie\/","title":{"rendered":"Notizie"},"content":{"rendered":"\t\t<div data-elementor-type=\"wp-page\" data-elementor-id=\"1661\" class=\"elementor elementor-1661 elementor-1371\" data-elementor-post-type=\"page\">\n\t\t\t\t\t\t<section class=\"elementor-section elementor-top-section elementor-element elementor-element-6948a45 elementor-section-boxed elementor-section-height-default elementor-section-height-default\" data-id=\"6948a45\" data-element_type=\"section\" data-e-type=\"section\" data-settings=\"{&quot;jet_parallax_layout_list&quot;:[]}\">\n\t\t\t\t\t\t<div class=\"elementor-container elementor-column-gap-default\">\n\t\t\t\t\t<div class=\"elementor-column elementor-col-100 elementor-top-column elementor-element elementor-element-90e11f8\" data-id=\"90e11f8\" data-element_type=\"column\" data-e-type=\"column\">\n\t\t\t<div class=\"elementor-widget-wrap elementor-element-populated\">\n\t\t\t\t\t\t<div class=\"elementor-element elementor-element-d360cf8 elementor-widget elementor-widget-heading\" data-id=\"d360cf8\" data-element_type=\"widget\" data-e-type=\"widget\" data-widget_type=\"heading.default\">\n\t\t\t\t<div class=\"elementor-widget-container\">\n\t\t\t\t\t<h1 class=\"elementor-heading-title elementor-size-default\">Notizie<\/h1>\t\t\t\t<\/div>\n\t\t\t\t<\/div>\n\t\t\t\t<div class=\"elementor-element elementor-element-d4e413f raven-button-align-center elementor-widget elementor-widget-raven-posts\" data-id=\"d4e413f\" data-element_type=\"widget\" data-e-type=\"widget\" data-settings=\"{&quot;query_posts_per_page&quot;:12,&quot;classic_show_pagination&quot;:&quot;yes&quot;,&quot;classic_layout&quot;:&quot;masonry&quot;,&quot;_skin&quot;:&quot;classic&quot;,&quot;classic_columns&quot;:&quot;3&quot;,&quot;classic_columns_tablet&quot;:&quot;2&quot;,&quot;classic_columns_mobile&quot;:&quot;1&quot;,&quot;classic_pagination_type&quot;:&quot;page_based&quot;,&quot;query_offset&quot;:0}\" data-widget_type=\"raven-posts.classic\">\n\t\t\t\t<div class=\"elementor-widget-container\">\n\t\t\t\t\t\t\t<div class=\"raven-posts raven-masonry raven-masonry-3 raven-masonry-mobile-1 raven-masonry-tablet-2 raven-masonry-laptop-\" data-post-id=\"1661\" data-archive-query=\"\" data-lang=\"\">\n\t\t\t\t<div class=\"raven-masonry-item raven-post-item post-7021 post type-post status-publish format-standard has-post-thumbnail hentry category-medaglie\">\n\t\t\t<div class=\"raven-post\">\n\t\t\t\t\t\t<div class=\"raven-post-image-wrap\">\n\t\t\t<a class=\"raven-post-image\" href=\"https:\/\/tahiti-vanille.com\/it\/medaglia-doro-2026\/\"><img fetchpriority=\"high\" decoding=\"async\" width=\"250\" height=\"250\" src=\"https:\/\/tahiti-vanille.com\/wp-content\/uploads\/2023\/11\/medal_2026-250x250.png\" class=\"attachment-thumbnail size-thumbnail wp-image-6960\" alt=\"\" srcset=\"https:\/\/tahiti-vanille.com\/wp-content\/uploads\/2023\/11\/medal_2026-250x250.png 250w, https:\/\/tahiti-vanille.com\/wp-content\/uploads\/2023\/11\/medal_2026-500x500.png 500w, https:\/\/tahiti-vanille.com\/wp-content\/uploads\/2023\/11\/medal_2026-300x300.png 300w, https:\/\/tahiti-vanille.com\/wp-content\/uploads\/2023\/11\/medal_2026-100x100.png 100w, https:\/\/tahiti-vanille.com\/wp-content\/uploads\/2023\/11\/medal_2026.png 600w\" sizes=\"(max-width: 250px) 100vw, 250px\" \/> <span class=\"raven-post-image-overlay\"><\/span><\/a>\t\t<\/div>\n\t\t\t\t\t\t<div class=\"raven-post-content\">\n\t\t\t\t\t<h3 class=\"raven-post-title\"><a class=\"raven-post-title-link\" href=\"https:\/\/tahiti-vanille.com\/it\/medaglia-doro-2026\/\">Medaglia d\u2019Oro 2026<\/a><\/h3><div class=\"raven-post-excerpt\">Novembre 2025 Le nostre vaniglie di Tahiti Grands Crus hanno ottenuto la Medaglia d\u2019Oro 2026 al concorso 1001 DEGUSTATIONS in Francia. Recensione di 1001 Degustations : Magnifico baccello lungo, carnoso<\/div>\t\t<div class=\"raven-post-read-more\">\n\t\t\t<a class=\"raven-post-button\" href=\"https:\/\/tahiti-vanille.com\/it\/medaglia-doro-2026\/\"><span class=\"raven-post-button-text\">Lire la suite...<\/span><\/a>\n\t\t<\/div>\n\t\t\t\t\t\t<\/div>\n\t\t\t<\/div>\n\t\t<\/div>\n\t\t\t\t<div class=\"raven-masonry-item raven-post-item post-6166 post type-post status-publish format-standard has-post-thumbnail hentry category-medaglie\">\n\t\t\t<div class=\"raven-post\">\n\t\t\t\t\t\t<div class=\"raven-post-image-wrap\">\n\t\t\t<a class=\"raven-post-image\" href=\"https:\/\/tahiti-vanille.com\/it\/medaglia-doro-2025\/\"><img decoding=\"async\" width=\"250\" height=\"250\" src=\"https:\/\/tahiti-vanille.com\/wp-content\/uploads\/2024\/11\/medal_2025_2-250x250.png\" class=\"attachment-thumbnail size-thumbnail wp-image-6088\" alt=\"vanille tahaa\" srcset=\"https:\/\/tahiti-vanille.com\/wp-content\/uploads\/2024\/11\/medal_2025_2-250x250.png 250w, https:\/\/tahiti-vanille.com\/wp-content\/uploads\/2024\/11\/medal_2025_2-500x500.png 500w, https:\/\/tahiti-vanille.com\/wp-content\/uploads\/2024\/11\/medal_2025_2-300x300.png 300w, https:\/\/tahiti-vanille.com\/wp-content\/uploads\/2024\/11\/medal_2025_2-100x100.png 100w, https:\/\/tahiti-vanille.com\/wp-content\/uploads\/2024\/11\/medal_2025_2.png 600w\" sizes=\"(max-width: 250px) 100vw, 250px\" \/> <span class=\"raven-post-image-overlay\"><\/span><\/a>\t\t<\/div>\n\t\t\t\t\t\t<div class=\"raven-post-content\">\n\t\t\t\t\t<h3 class=\"raven-post-title\"><a class=\"raven-post-title-link\" href=\"https:\/\/tahiti-vanille.com\/it\/medaglia-doro-2025\/\">Medaglia d&#8217;oro 2025<\/a><\/h3><div class=\"raven-post-excerpt\">Novembre 2024 Le nostre vaniglie Grands Crus vincono la medaglia d&#8217;oro al concorso 1001 DEGUSTATIONS in Francia. Recensione di 1001 Degustations : Gli splendidi baccelli grassi, lucidi e carnosi risvegliano<\/div>\t\t<div class=\"raven-post-read-more\">\n\t\t\t<a class=\"raven-post-button\" href=\"https:\/\/tahiti-vanille.com\/it\/medaglia-doro-2025\/\"><span class=\"raven-post-button-text\">Lire la suite...<\/span><\/a>\n\t\t<\/div>\n\t\t\t\t\t\t<\/div>\n\t\t\t<\/div>\n\t\t<\/div>\n\t\t\t\t<div class=\"raven-masonry-item raven-post-item post-4378 post type-post status-publish format-standard has-post-thumbnail hentry category-medaglie\">\n\t\t\t<div class=\"raven-post\">\n\t\t\t\t\t\t<div class=\"raven-post-image-wrap\">\n\t\t\t<a class=\"raven-post-image\" href=\"https:\/\/tahiti-vanille.com\/it\/medaglia-doro-2024\/\"><img decoding=\"async\" width=\"250\" height=\"250\" src=\"https:\/\/tahiti-vanille.com\/wp-content\/uploads\/2023\/12\/pages_information_medaille_dor_2024-250x250.webp\" class=\"attachment-thumbnail size-thumbnail wp-image-4375\" alt=\"medaille or 2024\" srcset=\"https:\/\/tahiti-vanille.com\/wp-content\/uploads\/2023\/12\/pages_information_medaille_dor_2024.webp 250w, https:\/\/tahiti-vanille.com\/wp-content\/uploads\/2023\/12\/pages_information_medaille_dor_2024-100x100.webp 100w, https:\/\/tahiti-vanille.com\/wp-content\/uploads\/2023\/12\/pages_information_medaille_dor_2024-300x300.webp 300w, https:\/\/tahiti-vanille.com\/wp-content\/uploads\/2023\/12\/pages_information_medaille_dor_2024-600x600.webp 600w\" sizes=\"(max-width: 250px) 100vw, 250px\" \/> <span class=\"raven-post-image-overlay\"><\/span><\/a>\t\t<\/div>\n\t\t\t\t\t\t<div class=\"raven-post-content\">\n\t\t\t\t\t<h3 class=\"raven-post-title\"><a class=\"raven-post-title-link\" href=\"https:\/\/tahiti-vanille.com\/it\/medaglia-doro-2024\/\">Medaglia d\u2019Oro 2024<\/a><\/h3><div class=\"raven-post-excerpt\">DICEMBRE 2022 : Le nostre vaniglie di Tahiti \u201cGrands Crus\u00ae\u201d ottengono la medaglia d\u2019oro al concorso \u201c1001 DEGUSTATIONS\u201d organizzato in Francia. Ecco il giudizio della commissione di assaggio: Magnifico baccello<\/div>\t\t<div class=\"raven-post-read-more\">\n\t\t\t<a class=\"raven-post-button\" href=\"https:\/\/tahiti-vanille.com\/it\/medaglia-doro-2024\/\"><span class=\"raven-post-button-text\">Lire la suite...<\/span><\/a>\n\t\t<\/div>\n\t\t\t\t\t\t<\/div>\n\t\t\t<\/div>\n\t\t<\/div>\n\t\t\t\t<div class=\"raven-masonry-item raven-post-item post-2423 post type-post status-publish format-standard has-post-thumbnail hentry category-medaglie category-notizie\">\n\t\t\t<div class=\"raven-post\">\n\t\t\t\t\t\t<div class=\"raven-post-image-wrap\">\n\t\t\t<a class=\"raven-post-image\" href=\"https:\/\/tahiti-vanille.com\/it\/medaglia-doro-2023\/\"><img loading=\"lazy\" decoding=\"async\" width=\"250\" height=\"250\" src=\"https:\/\/tahiti-vanille.com\/wp-content\/uploads\/2023\/12\/medal_2023_2-250x250.png\" class=\"attachment-thumbnail size-thumbnail wp-image-2421\" alt=\"\" srcset=\"https:\/\/tahiti-vanille.com\/wp-content\/uploads\/2023\/12\/medal_2023_2-250x250.png 250w, https:\/\/tahiti-vanille.com\/wp-content\/uploads\/2023\/12\/medal_2023_2-300x300.png 300w, https:\/\/tahiti-vanille.com\/wp-content\/uploads\/2023\/12\/medal_2023_2-100x100.png 100w, https:\/\/tahiti-vanille.com\/wp-content\/uploads\/2023\/12\/medal_2023_2-500x500.png 500w, https:\/\/tahiti-vanille.com\/wp-content\/uploads\/2023\/12\/medal_2023_2.png 600w\" sizes=\"(max-width: 250px) 100vw, 250px\" \/> <span class=\"raven-post-image-overlay\"><\/span><\/a>\t\t<\/div>\n\t\t\t\t\t\t<div class=\"raven-post-content\">\n\t\t\t\t\t<h3 class=\"raven-post-title\"><a class=\"raven-post-title-link\" href=\"https:\/\/tahiti-vanille.com\/it\/medaglia-doro-2023\/\">medaglia d\u2019oro 2023<\/a><\/h3><div class=\"raven-post-excerpt\">DICEMBRE 2022 : Le nostre vaniglie di Tahiti \u201cGrands Crus\u00ae\u201d ottengono la medaglia d\u2019oro al concorso \u201c1001 DEGUSTATIONS\u201d organizzato in Francia. &nbsp; Ecco il giudizio della commissione di assaggio: Magnifici<\/div>\t\t<div class=\"raven-post-read-more\">\n\t\t\t<a class=\"raven-post-button\" href=\"https:\/\/tahiti-vanille.com\/it\/medaglia-doro-2023\/\"><span class=\"raven-post-button-text\">Lire la suite...<\/span><\/a>\n\t\t<\/div>\n\t\t\t\t\t\t<\/div>\n\t\t\t<\/div>\n\t\t<\/div>\n\t\t\t\t<div class=\"raven-masonry-item raven-post-item post-2429 post type-post status-publish format-standard has-post-thumbnail hentry category-medaglie category-notizie\">\n\t\t\t<div class=\"raven-post\">\n\t\t\t\t\t\t<div class=\"raven-post-image-wrap\">\n\t\t\t<a class=\"raven-post-image\" href=\"https:\/\/tahiti-vanille.com\/it\/medaglia-doro-2022\/\"><img loading=\"lazy\" decoding=\"async\" width=\"250\" height=\"250\" src=\"https:\/\/tahiti-vanille.com\/wp-content\/uploads\/2023\/11\/medal_2022_2-250x250.png\" class=\"attachment-thumbnail size-thumbnail wp-image-2427\" alt=\"\" srcset=\"https:\/\/tahiti-vanille.com\/wp-content\/uploads\/2023\/11\/medal_2022_2-250x250.png 250w, https:\/\/tahiti-vanille.com\/wp-content\/uploads\/2023\/11\/medal_2022_2-300x300.png 300w, https:\/\/tahiti-vanille.com\/wp-content\/uploads\/2023\/11\/medal_2022_2-100x100.png 100w, https:\/\/tahiti-vanille.com\/wp-content\/uploads\/2023\/11\/medal_2022_2.png 480w\" sizes=\"(max-width: 250px) 100vw, 250px\" \/> <span class=\"raven-post-image-overlay\"><\/span><\/a>\t\t<\/div>\n\t\t\t\t\t\t<div class=\"raven-post-content\">\n\t\t\t\t\t<h3 class=\"raven-post-title\"><a class=\"raven-post-title-link\" href=\"https:\/\/tahiti-vanille.com\/it\/medaglia-doro-2022\/\">medaglia d\u2019oro 2022<\/a><\/h3><div class=\"raven-post-excerpt\">Janvier 2022 : Le nostre vaniglie di Tahiti \u201cGrands Crus\u00ae\u201d ottengono la medaglia d\u2019oro al concorso \u201c1001 DEGUSTATIONS\u201d organizzato in Francia. &nbsp; &nbsp; Ecco il giudizio della commissione di assaggio:<\/div>\t\t<div class=\"raven-post-read-more\">\n\t\t\t<a class=\"raven-post-button\" href=\"https:\/\/tahiti-vanille.com\/it\/medaglia-doro-2022\/\"><span class=\"raven-post-button-text\">Lire la suite...<\/span><\/a>\n\t\t<\/div>\n\t\t\t\t\t\t<\/div>\n\t\t\t<\/div>\n\t\t<\/div>\n\t\t\t\t<div class=\"raven-masonry-item raven-post-item post-2915 post type-post status-publish format-standard has-post-thumbnail hentry category-medaglie category-notizie\">\n\t\t\t<div class=\"raven-post\">\n\t\t\t\t\t\t<div class=\"raven-post-image-wrap\">\n\t\t\t<a class=\"raven-post-image\" href=\"https:\/\/tahiti-vanille.com\/it\/medaglia-doro-2020\/\"><img loading=\"lazy\" decoding=\"async\" width=\"250\" height=\"250\" src=\"https:\/\/tahiti-vanille.com\/wp-content\/uploads\/2023\/10\/pages_information_medal_2020_1.webp\" class=\"attachment-thumbnail size-thumbnail wp-image-2916\" alt=\"\" srcset=\"https:\/\/tahiti-vanille.com\/wp-content\/uploads\/2023\/10\/pages_information_medal_2020_1.webp 250w, https:\/\/tahiti-vanille.com\/wp-content\/uploads\/2023\/10\/pages_information_medal_2020_1-100x100.webp 100w\" sizes=\"(max-width: 250px) 100vw, 250px\" \/> <span class=\"raven-post-image-overlay\"><\/span><\/a>\t\t<\/div>\n\t\t\t\t\t\t<div class=\"raven-post-content\">\n\t\t\t\t\t<h3 class=\"raven-post-title\"><a class=\"raven-post-title-link\" href=\"https:\/\/tahiti-vanille.com\/it\/medaglia-doro-2020\/\">medaglia d\u2019oro 2020<\/a><\/h3><div class=\"raven-post-excerpt\">Janvier 2020 : Le nostre vaniglie di Tahiti \u201cGrands Crus\u00ae\u201d ottengono la medaglia d\u2019oro al concorso \u201c1001 DEGUSTATIONS\u201d organizzato in Francia. Ecco il giudizio della commissione di assaggio: Siamo sorpresi<\/div>\t\t<div class=\"raven-post-read-more\">\n\t\t\t<a class=\"raven-post-button\" href=\"https:\/\/tahiti-vanille.com\/it\/medaglia-doro-2020\/\"><span class=\"raven-post-button-text\">Lire la suite...<\/span><\/a>\n\t\t<\/div>\n\t\t\t\t\t\t<\/div>\n\t\t\t<\/div>\n\t\t<\/div>\n\t\t\t\t<div class=\"raven-masonry-item raven-post-item post-2918 post type-post status-publish format-standard has-post-thumbnail hentry category-medaglie category-notizie\">\n\t\t\t<div class=\"raven-post\">\n\t\t\t\t\t\t<div class=\"raven-post-image-wrap\">\n\t\t\t<a class=\"raven-post-image\" href=\"https:\/\/tahiti-vanille.com\/it\/medaglia-doro-2019\/\"><img loading=\"lazy\" decoding=\"async\" width=\"250\" height=\"250\" src=\"https:\/\/tahiti-vanille.com\/wp-content\/uploads\/2023\/10\/pages_information_medal_2019_1-2.webp\" class=\"attachment-thumbnail size-thumbnail wp-image-2919\" alt=\"\" srcset=\"https:\/\/tahiti-vanille.com\/wp-content\/uploads\/2023\/10\/pages_information_medal_2019_1-2.webp 250w, https:\/\/tahiti-vanille.com\/wp-content\/uploads\/2023\/10\/pages_information_medal_2019_1-2-100x100.webp 100w\" sizes=\"(max-width: 250px) 100vw, 250px\" \/> <span class=\"raven-post-image-overlay\"><\/span><\/a>\t\t<\/div>\n\t\t\t\t\t\t<div class=\"raven-post-content\">\n\t\t\t\t\t<h3 class=\"raven-post-title\"><a class=\"raven-post-title-link\" href=\"https:\/\/tahiti-vanille.com\/it\/medaglia-doro-2019\/\">medaglia d\u2019oro 2019<\/a><\/h3><div class=\"raven-post-excerpt\">Janvier 2019 : Le nostre vaniglie di Tahiti \u201cGrands Crus\u00ae\u201d ottengono la medaglia d\u2019oro al concorso \u201c1001 DEGUSTATIONS\u201d organizzato in Francia. Ecco il giudizio della commissione di assaggio: Siamo sorpresi<\/div>\t\t<div class=\"raven-post-read-more\">\n\t\t\t<a class=\"raven-post-button\" href=\"https:\/\/tahiti-vanille.com\/it\/medaglia-doro-2019\/\"><span class=\"raven-post-button-text\">Lire la suite...<\/span><\/a>\n\t\t<\/div>\n\t\t\t\t\t\t<\/div>\n\t\t\t<\/div>\n\t\t<\/div>\n\t\t\t\t<div class=\"raven-masonry-item raven-post-item post-2447 post type-post status-publish format-standard has-post-thumbnail hentry category-medaglie category-notizie\">\n\t\t\t<div class=\"raven-post\">\n\t\t\t\t\t\t<div class=\"raven-post-image-wrap\">\n\t\t\t<a class=\"raven-post-image\" href=\"https:\/\/tahiti-vanille.com\/it\/medaglia-doro-2018\/\"><img loading=\"lazy\" decoding=\"async\" width=\"250\" height=\"250\" src=\"https:\/\/tahiti-vanille.com\/wp-content\/uploads\/2023\/11\/medal_2018_1-250x250.png\" class=\"attachment-thumbnail size-thumbnail wp-image-2443\" alt=\"\" srcset=\"https:\/\/tahiti-vanille.com\/wp-content\/uploads\/2023\/11\/medal_2018_1-250x250.png 250w, https:\/\/tahiti-vanille.com\/wp-content\/uploads\/2023\/11\/medal_2018_1-300x300.png 300w, https:\/\/tahiti-vanille.com\/wp-content\/uploads\/2023\/11\/medal_2018_1-100x100.png 100w, https:\/\/tahiti-vanille.com\/wp-content\/uploads\/2023\/11\/medal_2018_1-500x500.png 500w, https:\/\/tahiti-vanille.com\/wp-content\/uploads\/2023\/11\/medal_2018_1.png 600w\" sizes=\"(max-width: 250px) 100vw, 250px\" \/> <span class=\"raven-post-image-overlay\"><\/span><\/a>\t\t<\/div>\n\t\t\t\t\t\t<div class=\"raven-post-content\">\n\t\t\t\t\t<h3 class=\"raven-post-title\"><a class=\"raven-post-title-link\" href=\"https:\/\/tahiti-vanille.com\/it\/medaglia-doro-2018\/\">Medaglia d\u2019oro 2018<\/a><\/h3><div class=\"raven-post-excerpt\">Giugno 2017 : Le nostre vaniglie di Tahiti \u201cGrands Crus\u00ae\u201d ottengono la medaglia d\u2019oro al concorso \u201c1001 DEGUSTATIONS\u201d organizzato in Francia. &nbsp; Ecco il giudizio della commissione di assaggio: \u00ab<\/div>\t\t<div class=\"raven-post-read-more\">\n\t\t\t<a class=\"raven-post-button\" href=\"https:\/\/tahiti-vanille.com\/it\/medaglia-doro-2018\/\"><span class=\"raven-post-button-text\">Lire la suite...<\/span><\/a>\n\t\t<\/div>\n\t\t\t\t\t\t<\/div>\n\t\t\t<\/div>\n\t\t<\/div>\n\t\t\t\t<div class=\"raven-masonry-item raven-post-item post-3812 post type-post status-publish format-standard has-post-thumbnail hentry category-notizie\">\n\t\t\t<div class=\"raven-post\">\n\t\t\t\t\t\t<div class=\"raven-post-image-wrap\">\n\t\t\t<a class=\"raven-post-image\" href=\"https:\/\/tahiti-vanille.com\/it\/telestar-18-mai-2017\/\"><img loading=\"lazy\" decoding=\"async\" width=\"250\" height=\"250\" src=\"https:\/\/tahiti-vanille.com\/wp-content\/uploads\/2023\/11\/TELESTAR-250x250.jpg\" class=\"attachment-thumbnail size-thumbnail wp-image-3274\" alt=\"\" srcset=\"https:\/\/tahiti-vanille.com\/wp-content\/uploads\/2023\/11\/TELESTAR-250x250.jpg 250w, https:\/\/tahiti-vanille.com\/wp-content\/uploads\/2023\/11\/TELESTAR-300x300.jpg 300w, https:\/\/tahiti-vanille.com\/wp-content\/uploads\/2023\/11\/TELESTAR-100x100.jpg 100w, https:\/\/tahiti-vanille.com\/wp-content\/uploads\/2023\/11\/TELESTAR-500x500.jpg 500w\" sizes=\"(max-width: 250px) 100vw, 250px\" \/> <span class=\"raven-post-image-overlay\"><\/span><\/a>\t\t<\/div>\n\t\t\t\t\t\t<div class=\"raven-post-content\">\n\t\t\t\t\t<h3 class=\"raven-post-title\"><a class=\"raven-post-title-link\" href=\"https:\/\/tahiti-vanille.com\/it\/telestar-18-mai-2017\/\">TELESTAR 18 MAI 2017<\/a><\/h3><div class=\"raven-post-excerpt\">Lascia un commento Commento Devi essere loggato per lasciare un commento Clicca qui se non hai un account cliente Account di accesso Password<\/div>\t\t<div class=\"raven-post-read-more\">\n\t\t\t<a class=\"raven-post-button\" href=\"https:\/\/tahiti-vanille.com\/it\/telestar-18-mai-2017\/\"><span class=\"raven-post-button-text\">Lire la suite...<\/span><\/a>\n\t\t<\/div>\n\t\t\t\t\t\t<\/div>\n\t\t\t<\/div>\n\t\t<\/div>\n\t\t\t\t<div class=\"raven-masonry-item raven-post-item post-2454 post type-post status-publish format-standard has-post-thumbnail hentry category-medaglie category-notizie\">\n\t\t\t<div class=\"raven-post\">\n\t\t\t\t\t\t<div class=\"raven-post-image-wrap\">\n\t\t\t<a class=\"raven-post-image\" href=\"https:\/\/tahiti-vanille.com\/it\/gusto-superiore-award-2016-tahiti-vanille\/\"><img loading=\"lazy\" decoding=\"async\" width=\"250\" height=\"250\" src=\"https:\/\/tahiti-vanille.com\/wp-content\/uploads\/2023\/11\/ITQI-AwardGold16FR-3stars-250x250.png\" class=\"attachment-thumbnail size-thumbnail wp-image-2451\" alt=\"\" srcset=\"https:\/\/tahiti-vanille.com\/wp-content\/uploads\/2023\/11\/ITQI-AwardGold16FR-3stars-250x250.png 250w, https:\/\/tahiti-vanille.com\/wp-content\/uploads\/2023\/11\/ITQI-AwardGold16FR-3stars-100x100.png 100w\" sizes=\"(max-width: 250px) 100vw, 250px\" \/> <span class=\"raven-post-image-overlay\"><\/span><\/a>\t\t<\/div>\n\t\t\t\t\t\t<div class=\"raven-post-content\">\n\t\t\t\t\t<h3 class=\"raven-post-title\"><a class=\"raven-post-title-link\" href=\"https:\/\/tahiti-vanille.com\/it\/gusto-superiore-award-2016-tahiti-vanille\/\">Gusto superiore award 2016 TAHITI VANILLE<\/a><\/h3><div class=\"raven-post-excerpt\">Maggio 2016 I nostri grandi vini di Tahiti Vanile ottenere il punteggio massimo (3 stelle) a L&#8217;International Taste &amp; Quality Institute &#8211; Informazione iTQi sulla International Taste &amp; Quality Institute<\/div>\t\t<div class=\"raven-post-read-more\">\n\t\t\t<a class=\"raven-post-button\" href=\"https:\/\/tahiti-vanille.com\/it\/gusto-superiore-award-2016-tahiti-vanille\/\"><span class=\"raven-post-button-text\">Lire la suite...<\/span><\/a>\n\t\t<\/div>\n\t\t\t\t\t\t<\/div>\n\t\t\t<\/div>\n\t\t<\/div>\n\t\t\t\t<div class=\"raven-masonry-item raven-post-item post-2819 post type-post status-publish format-standard has-post-thumbnail hentry category-medaglie category-notizie\">\n\t\t\t<div class=\"raven-post\">\n\t\t\t\t\t\t<div class=\"raven-post-image-wrap\">\n\t\t\t<a class=\"raven-post-image\" href=\"https:\/\/tahiti-vanille.com\/it\/qualita-artigianale-produttore\/\"><img loading=\"lazy\" decoding=\"async\" width=\"250\" height=\"250\" src=\"https:\/\/tahiti-vanille.com\/wp-content\/uploads\/2023\/11\/2015-CCF-LOGO-PAQ-OVALE-72DPI-copie-5-250x250.png\" class=\"attachment-thumbnail size-thumbnail wp-image-2467\" alt=\"\" srcset=\"https:\/\/tahiti-vanille.com\/wp-content\/uploads\/2023\/11\/2015-CCF-LOGO-PAQ-OVALE-72DPI-copie-5-250x250.png 250w, https:\/\/tahiti-vanille.com\/wp-content\/uploads\/2023\/11\/2015-CCF-LOGO-PAQ-OVALE-72DPI-copie-5-300x300.png 300w, https:\/\/tahiti-vanille.com\/wp-content\/uploads\/2023\/11\/2015-CCF-LOGO-PAQ-OVALE-72DPI-copie-5-100x100.png 100w\" sizes=\"(max-width: 250px) 100vw, 250px\" \/> <span class=\"raven-post-image-overlay\"><\/span><\/a>\t\t<\/div>\n\t\t\t\t\t\t<div class=\"raven-post-content\">\n\t\t\t\t\t<h3 class=\"raven-post-title\"><a class=\"raven-post-title-link\" href=\"https:\/\/tahiti-vanille.com\/it\/qualita-artigianale-produttore\/\">Qualit\u00e0 artigianale Produttore<\/a><\/h3><div class=\"raven-post-excerpt\">Produttore artigiano di qualit\u00e0 Riconosciuto dal Coll\u00e8ge culinaire de France Il Coll\u00e8ge culinaire de France (Collegio culinario di Francia), creato su iniziativa di 15 chef francesi, \u00e8 un\u2019associazione aperta a<\/div>\t\t<div class=\"raven-post-read-more\">\n\t\t\t<a class=\"raven-post-button\" href=\"https:\/\/tahiti-vanille.com\/it\/qualita-artigianale-produttore\/\"><span class=\"raven-post-button-text\">Lire la suite...<\/span><\/a>\n\t\t<\/div>\n\t\t\t\t\t\t<\/div>\n\t\t\t<\/div>\n\t\t<\/div>\n\t\t\t\t<div class=\"raven-masonry-item raven-post-item post-2922 post type-post status-publish format-standard has-post-thumbnail hentry category-medaglie category-notizie\">\n\t\t\t<div class=\"raven-post\">\n\t\t\t\t\t\t<div class=\"raven-post-image-wrap\">\n\t\t\t<a class=\"raven-post-image\" href=\"https:\/\/tahiti-vanille.com\/it\/crystal-taste-award-2015\/\"><img loading=\"lazy\" decoding=\"async\" width=\"188\" height=\"250\" src=\"https:\/\/tahiti-vanille.com\/wp-content\/uploads\/2023\/11\/ITQI-labelcrystal-2015gold-copie173_300-188x250.png\" class=\"attachment-thumbnail size-thumbnail wp-image-2475\" alt=\"\" \/> <span class=\"raven-post-image-overlay\"><\/span><\/a>\t\t<\/div>\n\t\t\t\t\t\t<div class=\"raven-post-content\">\n\t\t\t\t\t<h3 class=\"raven-post-title\"><a class=\"raven-post-title-link\" href=\"https:\/\/tahiti-vanille.com\/it\/crystal-taste-award-2015\/\">Crystal Taste Award 2015<\/a><\/h3><div class=\"raven-post-excerpt\">Crystal Taste Award &nbsp; I Crystal Taste Awards sono attribuiti a prodotti che abbiano ricevuto 3 stelle per 3 anni di fila. &nbsp; Questi prodotti sono stati testati alla cieca<\/div>\t\t<div class=\"raven-post-read-more\">\n\t\t\t<a class=\"raven-post-button\" href=\"https:\/\/tahiti-vanille.com\/it\/crystal-taste-award-2015\/\"><span class=\"raven-post-button-text\">Lire la suite...<\/span><\/a>\n\t\t<\/div>\n\t\t\t\t\t\t<\/div>\n\t\t\t<\/div>\n\t\t<\/div>\n\t\t\t\t<\/div>\n\t\t\t\t<div class=\"raven-pagination\" data-settings=\"{&quot;posts_per_page&quot;:12,&quot;total_pages&quot;:3,&quot;pages_visible&quot;:7}\">\n\t\t\t<div class=\"raven-pagination-items\">\n\t\t\t\t<a class=\"raven-pagination-prev raven-pagination-item raven-pagination-disabled\" href=\"#\">&laquo; Pr\u00e9c<\/a><a class=\"raven-pagination-num raven-pagination-item raven-pagination-active\" href=\"#\" data-page-num=\"1\">1<\/a><a class=\"raven-pagination-num raven-pagination-item\" href=\"#\" data-page-num=\"2\">2<\/a><a class=\"raven-pagination-num raven-pagination-item\" href=\"#\" data-page-num=\"3\">3<\/a><a class=\"raven-pagination-next raven-pagination-item\" href=\"#\">Suiv &raquo;<\/a>\t\t\t<\/div>\n\t\t<\/div>\n\t\t\t\t\t\t<\/div>\n\t\t\t\t<\/div>\n\t\t\t\t\t<\/div>\n\t\t<\/div>\n\t\t\t\t\t<\/div>\n\t\t<\/section>\n\t\t\t\t<\/div>\n\t\t","protected":false},"excerpt":{"rendered":"<p>Notizie M\u00e9daille d&#8217;Or 2023 D\u00e9cembre 2022 Nos vanilles Grands Crus obtiennent la m\u00e9daille d&#8217;Or au concours 1001 DEGUSTATIONS en France. &nbsp; L&#8217;avis de 1001 D\u00e9gustations : Magnifiques gousses charnues, grasses et brillantes. Au toucher Lire la suite&#8230; M\u00e9daille d&#8217;Or 2022 Janvier 2022 \u00a0Nos vanilles grands crus obtiennent la m\u00e9daille d&#8217;Or au concours 1001 DEGUSTATIONS \u00a0en [&hellip;]<\/p>\n","protected":false},"author":1,"featured_media":0,"parent":0,"menu_order":0,"comment_status":"closed","ping_status":"closed","template":"","meta":{"_acf_changed":false,"footnotes":""},"class_list":["post-1661","page","type-page","status-publish","hentry"],"acf":[],"_links":{"self":[{"href":"https:\/\/tahiti-vanille.com\/it\/wp-json\/wp\/v2\/pages\/1661","targetHints":{"allow":["GET"]}}],"collection":[{"href":"https:\/\/tahiti-vanille.com\/it\/wp-json\/wp\/v2\/pages"}],"about":[{"href":"https:\/\/tahiti-vanille.com\/it\/wp-json\/wp\/v2\/types\/page"}],"author":[{"embeddable":true,"href":"https:\/\/tahiti-vanille.com\/it\/wp-json\/wp\/v2\/users\/1"}],"replies":[{"embeddable":true,"href":"https:\/\/tahiti-vanille.com\/it\/wp-json\/wp\/v2\/comments?post=1661"}],"version-history":[{"count":4,"href":"https:\/\/tahiti-vanille.com\/it\/wp-json\/wp\/v2\/pages\/1661\/revisions"}],"predecessor-version":[{"id":4351,"href":"https:\/\/tahiti-vanille.com\/it\/wp-json\/wp\/v2\/pages\/1661\/revisions\/4351"}],"wp:attachment":[{"href":"https:\/\/tahiti-vanille.com\/it\/wp-json\/wp\/v2\/media?parent=1661"}],"curies":[{"name":"wp","href":"https:\/\/api.w.org\/{rel}","templated":true}]}}