{"id":1244,"date":"2023-09-28T10:41:30","date_gmt":"2023-09-28T20:41:30","guid":{"rendered":"https:\/\/serveur-tahiti-vanille.com\/tahiti-vanille\/legal-notice\/"},"modified":"2023-11-29T03:41:39","modified_gmt":"2023-11-29T13:41:39","slug":"legal-notice","status":"publish","type":"page","link":"https:\/\/tahiti-vanille.com\/en\/legal-notice\/","title":{"rendered":"Legal Notice"},"content":{"rendered":"\t\t<div data-elementor-type=\"wp-page\" data-elementor-id=\"1244\" class=\"elementor elementor-1244 elementor-691\" data-elementor-post-type=\"page\">\n\t\t\t\t\t\t<section class=\"elementor-section elementor-top-section elementor-element elementor-element-79d1639 elementor-section-boxed elementor-section-height-default elementor-section-height-default\" data-id=\"79d1639\" data-element_type=\"section\" data-e-type=\"section\" data-settings=\"{&quot;jet_parallax_layout_list&quot;:[]}\">\n\t\t\t\t\t\t<div class=\"elementor-container elementor-column-gap-default\">\n\t\t\t\t\t<div class=\"elementor-column elementor-col-100 elementor-top-column elementor-element elementor-element-e648d7d\" data-id=\"e648d7d\" data-element_type=\"column\" data-e-type=\"column\">\n\t\t\t<div class=\"elementor-widget-wrap elementor-element-populated\">\n\t\t\t\t\t\t<div class=\"elementor-element elementor-element-6ae47848 elementor-widget elementor-widget-heading\" data-id=\"6ae47848\" data-element_type=\"widget\" data-e-type=\"widget\" data-widget_type=\"heading.default\">\n\t\t\t\t<div class=\"elementor-widget-container\">\n\t\t\t\t\t<h1 class=\"elementor-heading-title elementor-size-default\">Legal Notice<\/h1>\t\t\t\t<\/div>\n\t\t\t\t<\/div>\n\t\t\t\t\t<\/div>\n\t\t<\/div>\n\t\t\t\t\t<\/div>\n\t\t<\/section>\n\t\t\t\t<section class=\"elementor-section elementor-top-section elementor-element elementor-element-6cdbb4ec elementor-section-boxed elementor-section-height-default elementor-section-height-default\" data-id=\"6cdbb4ec\" data-element_type=\"section\" data-e-type=\"section\" data-settings=\"{&quot;jet_parallax_layout_list&quot;:[]}\">\n\t\t\t\t\t\t<div class=\"elementor-container elementor-column-gap-default\">\n\t\t\t\t\t<div class=\"elementor-column elementor-col-100 elementor-top-column elementor-element elementor-element-53cdf2ce\" data-id=\"53cdf2ce\" data-element_type=\"column\" data-e-type=\"column\">\n\t\t\t<div class=\"elementor-widget-wrap elementor-element-populated\">\n\t\t\t\t\t\t<div class=\"elementor-element elementor-element-13d4ed8c elementor-widget elementor-widget-text-editor\" data-id=\"13d4ed8c\" data-element_type=\"widget\" data-e-type=\"widget\" data-widget_type=\"text-editor.default\">\n\t\t\t\t<div class=\"elementor-widget-container\">\n\t\t\t\t\t\t\t\t\t<div id=\"mentions_legales_page\">\n<div class=\"contenu_editeur\">\n<p><strong>Contact : <\/strong>TAHITI VANILLE<\/p>\n<p><strong>Immatricul\u00e9e :<\/strong> RC : RCS PAPEETE TPI 06 81 A | N\u00b0 TAHITI : 763334<\/p>\n<p><strong>Si\u00e8ge social :<\/strong> BP 892 \u2013 98735 UTUROA RAIATEA<\/p>\n<p>En vertu de l\u2019article 6 de la loi n\u00b0 2004-575 du 21 juin 2004 pour la confiance dans l\u2019\u00e9conomie num\u00e9rique, il est pr\u00e9cis\u00e9 aux utilisateurs du site lien du site l\u2019identit\u00e9 des diff\u00e9rents intervenants dans le cadre de sa r\u00e9alisation et de son suivi :<\/p>\n<p><strong>Propri\u00e9taire<\/strong> : TAHITI VANILLE | N\u00b0 RC : RCS PAPEETE TPI 06 81 A | N\u00b0 TAHITI : 763334 | Polyn\u00e9sie Fran\u00e7aise<\/p>\n<p><strong>Cr\u00e9ateur<\/strong> : <strong>Cr\u00e9aPassion<\/strong> | Entreprise individuelle | N\u00b0 TAHITI 871897 <strong>| <\/strong>98713 Papeete<\/p>\n<p><strong>Responsable publication<\/strong> : TAHITI VANILLE &#8211; | info@tahiti-vanille.com<\/p>\n<p>Le responsable publication est une personne physique ou une personne morale.<\/p>\n<p><strong>Webmaster<\/strong> : <strong>Cr\u00e9aPassion<\/strong> | info[at]crea-passion.pf<\/p>\n<p><strong>H\u00e9bergeur<\/strong> : o2switch<\/p>\n<p><strong>Contenu :<\/strong><\/p>\n<p>La soci\u00e9t\u00e9 <strong>TAHITI VANILLE<\/strong> se r\u00e9serve le droit de modifier sans pr\u00e9avis le contenu du site et ne peut \u00eatre tenue responsable des cons\u00e9quences potentielles de ces changements. La Soci\u00e9t\u00e9 <strong>TAHITI VANILLE<\/strong> d\u00e9cline toute responsabilit\u00e9 quant \u00e0 l\u2019utilisation qui pourrait \u00eatre faite du site. Au cas o\u00f9 des liens seraient cr\u00e9\u00e9s avec d\u2019autres sites, \u00e0 l\u2019aide de tout outil de recherche, la Soci\u00e9t\u00e9 <strong>TAHITI VANILLE<\/strong> ne peut en aucun cas \u00eatre tenue responsable de l\u2019existence et du contenu de ces autres sites. Les produits et services pr\u00e9sent\u00e9s dans le pr\u00e9sent site peuvent faire l\u2019objet de restrictions l\u00e9gales et ne pas \u00eatre disponibles pour les r\u00e9sidents de certains pays. Nous vous prions de consulter les restrictions de vente relatives aux produits et services concern\u00e9s. (Les informations diffus\u00e9es par la soci\u00e9t\u00e9 <strong>TAHITI VANILLE<\/strong> dans ce site sont susceptibles de contenir des r\u00e9f\u00e9rences directes ou indirectes \u00e0 des produits, programmes et services qui ne sont pas disponibles dans votre pays. Veuillez consulter notre filiale locale ou nos partenaires commerciaux pour tout renseignement concernant les produits, les programmes et les services disponibles dans votre pays).<\/p>\n<p>Protection des informations : toutes les informations pouvant \u00eatre re\u00e7ues par l\u2019interm\u00e9diaire de ce site par la soci\u00e9t\u00e9 <strong>TAHITI VANILLE<\/strong> ont fait l\u2019objet d\u2019une d\u00e9claration l\u00e9gale aupr\u00e8s de l\u2019autorit\u00e9 fran\u00e7aise CNIL. La Soci\u00e9t\u00e9 <strong>TAHITI VANILLE<\/strong> peut recevoir de votre part des informations volontairement mises par vous \u00e0 sa disposition tel que votre nom, votre adresse postale, votre adresse e-mail. En cons\u00e9quence, sa simple transmission par vos soins nous conf\u00e8re le droit sans restriction aucune de l\u2019utiliser, \u00e0 quelque titre et pour quelque raison ou objectif que ce soit. La Soci\u00e9t\u00e9 <strong>TAHITI VANILLE<\/strong> est libre d\u2019utiliser certaines informations (id\u00e9es, concepts, savoir-faire) en interne et dans ses filiales pour am\u00e9liorer ce site. Conform\u00e9ment \u00e0 l\u2019article 34 de la loi Informatique et Libert\u00e9s du 6 janvier 1978, les informations demand\u00e9es par l\u2019interm\u00e9diaire des questionnaires se trouvant sur ce site sont facultatives. Ces informations resteront strictement confidentielles et ne seront en aucun cas communiqu\u00e9es \u00e0 des tiers sauf accord de l\u2019int\u00e9ress\u00e9.<\/p>\n<p>La Soci\u00e9t\u00e9 <strong>TAHITI VANILLE<\/strong> sera seule destinataire de ces informations qui seront en outre accessibles \u00e0 toute personne d\u00e9sirant v\u00e9rifier leur validit\u00e9 ou demandera la suppression des renseignements la concernant. Pour ce faire, l\u2019internaute utilisera la rubrique \u00ab <strong>Contact \u00bb<\/strong>.<\/p>\n<p>La Soci\u00e9t\u00e9 <strong>TAHITI VANILLE<\/strong> s\u2019engage, sauf accord de l\u2019int\u00e9ress\u00e9, \u00e0 ne pas utiliser ou vendre les adresses e-mail en sa possession \u00e0 des fins de diffusion syst\u00e9matique de messages publicitaires. La soci\u00e9t\u00e9 se r\u00e9serve cependant la possibilit\u00e9 de proc\u00e9der \u00e0 des mailings aupr\u00e8s des personnes ayant visit\u00e9 le site et laiss\u00e9 leurs coordonn\u00e9es.<\/p>\n<p><strong>Divers :<\/strong><\/p>\n<p>il est express\u00e9ment entendu par l\u2019utilisateur de ce site qu\u2019en aucun cas la Soci\u00e9t\u00e9 <strong>TAHITI VANILLE<\/strong> ne peut \u00eatre tenue responsable des dommages quelconques, directs ou indirects, mat\u00e9riels, immat\u00e9riels ou sp\u00e9ciaux, r\u00e9sultant notamment de la consultation et \/ ou de l\u2019utilisation de ce site web ou d\u2019autres sites qui lui sont li\u00e9s, comme des utilisations d\u2019informations textuelles, sonores ou visuelles qui auraient pu y \u00eatre recueillies et notamment de tout pr\u00e9judice financier ou commercial, de pertes de programmes ou de donn\u00e9es dans son syst\u00e8me d\u2019information ou autre. Les informations du site de la Soci\u00e9t\u00e9 <strong>TAHITI VANILLE<\/strong> peuvent contenir des inexactitudes techniques ou des erreurs typographiques.<\/p>\n<p>La Soci\u00e9t\u00e9 <strong>TAHITI VANILLE<\/strong> ne peut \u00eatre tenue responsable des cons\u00e9quences potentielles de ces erreurs.<\/p>\n<\/p>\n<h2>INFORMATIONS RELATIVES AUX \u00ab COOKIES \u00bb<\/h2>\n<p>Lors de votre consultation de nos sites, des informations relatives \u00e0 votre navigation sont susceptibles d\u2019\u00eatre enregistr\u00e9es dans des fichiers appel\u00e9s \u00ab Cookies \u00bb install\u00e9s sur votre terminal (ordinateur, tablette, smartphone, etc.).<\/p>\n<p>Cette rubrique vous permet d\u2019en savoir plus sur l\u2019origine et l\u2019usage des informations de navigation trait\u00e9es \u00e0 l\u2019occasion de votre consultation de nos sites Lien du site sans les www (ex : https:\/\/site.pf), Lien du site avec les www (ex : https:\/\/www.site.pf)<\/p>\n<h3>1. Qu\u2019est-ce qu\u2019un cookie ?<strong><br \/><\/strong><\/h3>\n<p>Un cookie est un petit fichier texte contenant diverses informations. Il est d\u00e9pos\u00e9 sur votre terminal (ordinateur, tablette, smartphone\u2026) via votre navigateur, par le site web que vous visitez. Les cookies peuvent avoir de nombreuses finalit\u00e9s. Quel que soit le type de cookies, seul l\u2019\u00e9metteur d\u2019un cookie est susceptible de lire ou de modifier les informations qui y sont contenues.<\/p>\n<h3>2. Les diff\u00e9rents types de cookies utilis\u00e9s par Tahiti Vanille ?<strong><br \/><\/strong><\/h3>\n<p>Le site Lien du site utilisent des cookies. Aucun des cookies mis en \u0153uvre sur nos sites ne r\u00e9coltent de donn\u00e9es personnelles vous concernant. Les types de cookies utilis\u00e9s par le site Lien du site sans les www (ex : https:\/\/site.pf), Lien du site avec les www (ex : https:\/\/www.site.pf) sont :<\/p>\n<p><strong>Les cookies strictement n\u00e9cessaires :<\/strong> Ils sont indispensables au fonctionnement de notre site.<\/p>\n<p><strong>Les cookies analytiques ou de performance :<\/strong> Ces cookies nous permettent de conna\u00eetre l\u2019utilisation et les performances de notre site et d\u2019en am\u00e9liorer le fonctionnement. Ils mesurent notamment les donn\u00e9es de votre navigation (les pages les plus consult\u00e9es, les pages de sortie de notre site ou encore la dur\u00e9e de votre visite).<\/p>\n<p><strong>Les cookies des r\u00e9seaux sociaux :<\/strong> Certaines pages de notre site proposent des boutons applicatifs \u00e9manant de tiers, qui vous permettent de partager des contenus de notre site avec d\u2019autres. C\u2019est le cas des boutons \u00ab Partager \u00bb ou \u00ab J\u2019aime \u00bb, issus de r\u00e9seaux sociaux tels que Facebook, Twitter ou Google+<\/p>\n<p>Nous n\u2019avons aucun contr\u00f4le sur le processus employ\u00e9 par les r\u00e9seaux sociaux pour collecter des informations relatives \u00e0 votre navigation sur notre site.<\/p>\n<p>Si vous \u00eates adh\u00e9rent de l\u2019un de ces r\u00e9seaux, nous vous invitons \u00e0 consulter les politiques de protection de la vie priv\u00e9e de ces r\u00e9seaux sociaux afin de prendre connaissance des finalit\u00e9s d\u2019utilisation, notamment publicitaires, des informations de navigation qu\u2019ils peuvent recueillir gr\u00e2ce \u00e0 ces boutons applicatifs. Ces politiques de protection doivent vous permettre d\u2019exercer vos choix aupr\u00e8s de ces r\u00e9seaux sociaux, notamment en param\u00e9trant vos comptes d\u2019utilisation de chacun de ces r\u00e9seaux.<\/p>\n<h3>3. Plus d\u2019informations sur les cookies :<\/h3>\n<p>Retrouvez plus d\u2019informations sur l\u2019utilisation des cookies sur le site de la CNIL : <a href=\"http:\/\/www.cnil.fr\/vos-droits\/vos-traces\/les-cookies\/\">http:\/\/www.cnil.fr\/vos-droits\/vos-traces\/les-cookies\/<\/a><\/p>\n<h3>4. Accepter ou refuser l\u2019utilisation des cookies :<\/h3>\n<p>Note importante : Nous vous rappelons que le param\u00e9trage de votre navigateur en mati\u00e8re de cookies est susceptible de modifier vos conditions d\u2019acc\u00e8s \u00e0 nos services. Si votre navigateur est configur\u00e9 de mani\u00e8re \u00e0 refuser l\u2019ensemble des cookies, vous ne pourrez pas profiter de fonctions essentielles de notre site.<\/p>\n<p>Vous pouvez configurer votre logiciel de navigation de mani\u00e8re \u00e0 ce que des cookies soient enregistr\u00e9s dans votre terminal ou qu\u2019ils soient rejet\u00e9s, soit syst\u00e9matiquement, soit selon leur \u00e9metteur.<\/p>\n<p>Vous pouvez \u00e9galement configurer votre logiciel de navigation de mani\u00e8re \u00e0 ce que l\u2019acceptation ou le refus des cookies vous soient propos\u00e9s ponctuellement, avant qu\u2019un cookie soit susceptible d\u2019\u00eatre enregistr\u00e9 dans votre terminal.<\/p>\n<p>Il vous suffit de vous rendre dans le menu d\u2019aide de votre navigateur pour savoir de quelle mani\u00e8re modifier vos souhaits en mati\u00e8re de cookies :<\/p>\n<p><strong>Navigateur Internet Explorer\u2122<\/strong> : <a href=\"http:\/\/windows.microsoft.com\/fr-fr\/internet-explorer\/delete-manage-cookies#ie=ie-11\">Aide en ligne<\/a><\/p>\n<p><strong>Navigateur Safari\u2122<\/strong> : <a href=\"https:\/\/support.apple.com\/fr-fr\/HT1677\">Aide en ligne<\/a><\/p>\n<p><strong>Navigateur Chrome\u2122<\/strong> : <a href=\"https:\/\/support.google.com\/chrome\/answer\/95647?hl=fr&amp;hlrm=en\">Aide en ligne<\/a><\/p>\n<p><strong>Navigateur Firefox\u2122<\/strong> : <a href=\"https:\/\/support.mozilla.org\/fr\/kb\/activer-desactiver-cookies?redirectlocale=fr&amp;redirectslug=Activer+et+d%C3%A9sactiver+les+cookies\">Aide en ligne<\/a><\/p>\n<p><strong>Navigateur Opera\u2122<\/strong> : <a href=\"http:\/\/help.opera.com\/Windows\/10.20\/fr\/cookies.html\">Aide en ligne<\/a><\/p>\n<\/p>\n<\/div>\n<\/div>\n\t\t\t\t\t\t\t\t<\/div>\n\t\t\t\t<\/div>\n\t\t\t\t\t<\/div>\n\t\t<\/div>\n\t\t\t\t\t<\/div>\n\t\t<\/section>\n\t\t\t\t<\/div>\n\t\t","protected":false},"excerpt":{"rendered":"<p>Legal Notice Contact : TAHITI VANILLE Immatricul\u00e9e : RC : RCS PAPEETE TPI 06 81 A | N\u00b0 TAHITI : 763334 Si\u00e8ge social : BP 892 \u2013 98735 UTUROA RAIATEA En vertu de l\u2019article 6 de la loi n\u00b0 2004-575 du 21 juin 2004 pour la confiance dans l\u2019\u00e9conomie num\u00e9rique, il est pr\u00e9cis\u00e9 aux utilisateurs [&hellip;]<\/p>\n","protected":false},"author":1,"featured_media":0,"parent":0,"menu_order":0,"comment_status":"closed","ping_status":"closed","template":"","meta":{"_acf_changed":false,"footnotes":""},"class_list":["post-1244","page","type-page","status-publish","hentry"],"acf":[],"_links":{"self":[{"href":"https:\/\/tahiti-vanille.com\/en\/wp-json\/wp\/v2\/pages\/1244","targetHints":{"allow":["GET"]}}],"collection":[{"href":"https:\/\/tahiti-vanille.com\/en\/wp-json\/wp\/v2\/pages"}],"about":[{"href":"https:\/\/tahiti-vanille.com\/en\/wp-json\/wp\/v2\/types\/page"}],"author":[{"embeddable":true,"href":"https:\/\/tahiti-vanille.com\/en\/wp-json\/wp\/v2\/users\/1"}],"replies":[{"embeddable":true,"href":"https:\/\/tahiti-vanille.com\/en\/wp-json\/wp\/v2\/comments?post=1244"}],"version-history":[{"count":2,"href":"https:\/\/tahiti-vanille.com\/en\/wp-json\/wp\/v2\/pages\/1244\/revisions"}],"predecessor-version":[{"id":4043,"href":"https:\/\/tahiti-vanille.com\/en\/wp-json\/wp\/v2\/pages\/1244\/revisions\/4043"}],"wp:attachment":[{"href":"https:\/\/tahiti-vanille.com\/en\/wp-json\/wp\/v2\/media?parent=1244"}],"curies":[{"name":"wp","href":"https:\/\/api.w.org\/{rel}","templated":true}]}}